{"id":43,"date":"2022-04-08T22:11:28","date_gmt":"2022-04-08T20:11:28","guid":{"rendered":"http:\/\/www.elvesport.com\/?page_id=43"},"modified":"2022-04-08T22:11:28","modified_gmt":"2022-04-08T20:11:28","slug":"pravidla-cookies","status":"publish","type":"page","link":"https:\/\/www.elvesport.com\/en\/pravidla-cookies\/","title":{"rendered":"Pravidl\u00e1 cookies"},"content":{"rendered":"<div class=\"cli_pg_page_contaner\">\n<h3>O t\u00fdchto z\u00e1sad\u00e1ch pou\u017e\u00edvania s\u00faborov cookie<\/h3>\n<div>Tieto Z\u00e1sady pou\u017e\u00edvania s\u00faborov cookie vysvet\u013euj\u00fa, \u010do s\u00fa s\u00fabory cookie a ako ich pou\u017e\u00edvame, ak\u00e9 typy s\u00faborov cookie pou\u017e\u00edvame, t. \u010eal\u0161ie inform\u00e1cie o tom, ako pou\u017e\u00edvame, uchov\u00e1vame a uchov\u00e1vame va\u0161e osobn\u00e9 \u00fadaje v bezpe\u010d\u00ed, n\u00e1jdete v na\u0161ich Z\u00e1sad\u00e1ch ochrany osobn\u00fdch \u00fadajov.<\/p>\n<p>Svoj s\u00fahlas s vyhl\u00e1sen\u00edm o s\u00faboroch cookie na na\u0161ej webovej str\u00e1nke m\u00f4\u017eete kedyko\u013evek zmeni\u0165 alebo odvola\u0165<br \/>\nViac inform\u00e1ci\u00ed o tom, kto sme, ako n\u00e1s m\u00f4\u017eete kontaktova\u0165 a ako sprac\u00favame osobn\u00e9 \u00fadaje, n\u00e1jdete v na\u0161ich Z\u00e1sad\u00e1ch ochrany osobn\u00fdch \u00fadajov.<br \/>\nV\u00e1\u0161 s\u00fahlas sa vz\u0165ahuje na nasleduj\u00face dom\u00e9ny: www.elvesport.com<br \/>\n[user_consent_state]<\/p>\n<\/div>\n<h3>\u010co s\u00fa cookies?<\/h3>\n<div>S\u00fabory cookie s\u00fa mal\u00e9 textov\u00e9 s\u00fabory, ktor\u00e9 sa pou\u017e\u00edvaj\u00fa na ukladanie mal\u00fdch k\u00faskov inform\u00e1ci\u00ed. S\u00fa ulo\u017een\u00e9 vo va\u0161om zariaden\u00ed, ke\u010f sa webov\u00e1 str\u00e1nka na\u010d\u00edta do v\u00e1\u0161ho prehliada\u010da. Tieto s\u00fabory cookie n\u00e1m pom\u00e1haj\u00fa spr\u00e1vne fungova\u0165, zvy\u0161ova\u0165 bezpe\u010dnos\u0165, poskytova\u0165 lep\u0161iu pou\u017e\u00edvate\u013esk\u00fa sk\u00fasenos\u0165 a porozumie\u0165 tomu, ako webov\u00e1 lokalita funguje, a analyzova\u0165, \u010do funguje a kde je potrebn\u00e9 zlep\u0161i\u0165.<\/div>\n<h3>Ako pou\u017e\u00edvame cookies?<\/h3>\n<div>Ako v\u00e4\u010d\u0161ina online slu\u017eieb, aj na\u0161a webov\u00e1 lokalita pou\u017e\u00edva s\u00fabory cookie prvej a tretej strany na nieko\u013eko \u00fa\u010delov. S\u00fabory cookie prvej strany s\u00fa v\u00e4\u010d\u0161inou potrebn\u00e9 na spr\u00e1vne fungovanie webovej lokality a nezhroma\u017e\u010fuj\u00fa \u017eiadne va\u0161e osobn\u00e9 \u00fadaje.<\/p>\n<p>S\u00fabory cookie tret\u00edch str\u00e1n pou\u017e\u00edvan\u00e9 na na\u0161ej webovej lokalite sl\u00fa\u017eia najm\u00e4 na pochopenie toho, ako webov\u00e1 lokalita funguje, ako s na\u0161ou webovou str\u00e1nkou komunikujete, na zabezpe\u010denie na\u0161ich slu\u017eieb, poskytovanie rekl\u00e1m, ktor\u00e9 s\u00fa pre v\u00e1s relevantn\u00e9, a celkovo na poskytovanie lep\u0161\u00edch a vylep\u0161en\u00e1 pou\u017e\u00edvate\u013esk\u00e1 sk\u00fasenos\u0165 a pom\u00f4\u017ee v\u00e1m ur\u00fdchli\u0165 va\u0161u bud\u00facu interakciu s na\u0161ou webovou str\u00e1nkou.<\/p>\n<\/div>\n<h3>Ak\u00e9 typy cookies pou\u017e\u00edvame?<\/h3>\n<div>Nevyhnutn\u00e9: Niektor\u00e9 s\u00fabory cookie s\u00fa nevyhnutn\u00e9 na to, aby ste mohli vyu\u017e\u00edva\u0165 v\u0161etky funkcie na\u0161ej str\u00e1nky. Umo\u017e\u0148uj\u00fa n\u00e1m udr\u017eiava\u0165 pou\u017e\u00edvate\u013esk\u00e9 rel\u00e1cie a predch\u00e1dza\u0165 ak\u00fdmko\u013evek bezpe\u010dnostn\u00fdm hrozb\u00e1m. Nezhroma\u017e\u010fuj\u00fa ani neuchov\u00e1vaj\u00fa \u017eiadne osobn\u00e9 \u00fadaje. Tieto s\u00fabory cookie v\u00e1m napr\u00edklad umo\u017e\u0148uj\u00fa prihl\u00e1si\u0165 sa do svojho \u00fa\u010dtu a prida\u0165 produkty do ko\u0161\u00edka a bezpe\u010dne zaplati\u0165.<\/p>\n<p>\u0160tatistiky: Tieto s\u00fabory cookie ukladaj\u00fa inform\u00e1cie, ako je po\u010det n\u00e1v\u0161tevn\u00edkov webovej lokality, po\u010det jedine\u010dn\u00fdch n\u00e1v\u0161tevn\u00edkov, ktor\u00e9 str\u00e1nky webovej lokality boli nav\u0161t\u00edven\u00e9, zdroj n\u00e1v\u0161tevy at\u010f. Tieto \u00fadaje n\u00e1m pom\u00e1haj\u00fa pochopi\u0165 a analyzova\u0165, ako dobre funguje webov\u00e1 lokalita a kde je potrebn\u00e9 ju zlep\u0161i\u0165.<\/p>\n<p>Marketing: Na\u0161a webov\u00e1 str\u00e1nka zobrazuje reklamy. Tieto s\u00fabory cookie sa pou\u017e\u00edvaj\u00fa na prisp\u00f4sobenie rekl\u00e1m, ktor\u00e9 v\u00e1m zobrazujeme, aby boli pre v\u00e1s zmyslupln\u00e9. Tieto s\u00fabory cookie n\u00e1m tie\u017e pom\u00e1haj\u00fa sledova\u0165 efektivitu t\u00fdchto reklamn\u00fdch kampan\u00ed.<br \/>\nInform\u00e1cie ulo\u017een\u00e9 v t\u00fdchto s\u00faboroch cookie m\u00f4\u017eu tie\u017e pou\u017ei\u0165 poskytovatelia rekl\u00e1m tret\u00edch str\u00e1n na zobrazovanie rekl\u00e1m na in\u00fdch webov\u00fdch str\u00e1nkach v prehliada\u010di.<\/p>\n<p>Funk\u010dn\u00e9: Toto s\u00fa s\u00fabory cookie, ktor\u00e9 pom\u00e1haj\u00fa ur\u010dit\u00fdm nepodstatn\u00fdm funkci\u00e1m na na\u0161ej webovej lokalite. Tieto funkcie zah\u0155\u0148aj\u00fa vkladanie obsahu, ako s\u00fa vide\u00e1, alebo zdie\u013eanie obsahu webov\u00fdch str\u00e1nok na platform\u00e1ch soci\u00e1lnych m\u00e9di\u00ed.<\/p>\n<p>Predvo\u013eby: Tieto s\u00fabory cookie n\u00e1m pom\u00e1haj\u00fa uklada\u0165 va\u0161e nastavenia a preferencie prehliadania, ako s\u00fa napr\u00edklad jazykov\u00e9 predvo\u013eby, aby ste mali pri bud\u00facich n\u00e1v\u0161tev\u00e1ch webovej str\u00e1nky lep\u0161iu a efekt\u00edvnej\u0161iu sk\u00fasenos\u0165.<br \/>\n[cookie_audit columns=&#8221;cookie,description&#8221; header=&#8221;Ni\u017e\u0161ie uveden\u00fd zoznam podrobne popisuje s\u00fabory cookie pou\u017e\u00edvan\u00e9 na na\u0161ej webovej lokalite.&#8221;]<\/p>\n<\/div>\n<h3>Ako m\u00f4\u017eem kontrolova\u0165 preferencie s\u00faborov cookie?<\/h3>\n<div>Ak by ste sa nesk\u00f4r rozhodli zmeni\u0165 svoje preferencie po\u010das rel\u00e1cie prehliadania, m\u00f4\u017eete na svojej obrazovke klikn\u00fa\u0165 na kartu \u201eOchrana osobn\u00fdch \u00fadajov a s\u00fabory cookie\u201c. T\u00fdm sa znova zobraz\u00ed ozn\u00e1menie o s\u00fahlase, ktor\u00e9 v\u00e1m umo\u017en\u00ed zmeni\u0165 va\u0161e preferencie alebo \u00faplne odvola\u0165 svoj s\u00fahlas.<\/p>\n<p>Okrem toho r\u00f4zne prehliada\u010de poskytuj\u00fa r\u00f4zne sp\u00f4soby blokovania a odstra\u0148ovania s\u00faborov cookie pou\u017e\u00edvan\u00fdch webov\u00fdmi str\u00e1nkami. M\u00f4\u017eete zmeni\u0165 nastavenia svojho prehliada\u010da tak, aby blokoval\/vymaz\u00e1val cookies. Ak chcete zisti\u0165 viac o tom, ako spravova\u0165 a odstra\u0148ova\u0165 s\u00fabory cookie, nav\u0161t\u00edvte str\u00e1nku wikipedia.org , www.allaboutcookies.org.<\/p>\n<\/div>\n<\/div>\n","protected":false},"excerpt":{"rendered":"<p>O t\u00fdchto z\u00e1sad\u00e1ch pou\u017e\u00edvania s\u00faborov cookie Tieto Z\u00e1sady pou\u017e\u00edvania s\u00faborov cookie vysvet\u013euj\u00fa, \u010do s\u00fa s\u00fabory cookie a ako ich pou\u017e\u00edvame,<\/p>\n","protected":false},"author":1,"featured_media":0,"parent":0,"menu_order":0,"comment_status":"closed","ping_status":"closed","template":"","meta":{"_acf_changed":false,"footnotes":""},"class_list":["post-43","page","type-page","status-publish","hentry"],"acf":[],"_links":{"self":[{"href":"https:\/\/www.elvesport.com\/en\/wp-json\/wp\/v2\/pages\/43","targetHints":{"allow":["GET"]}}],"collection":[{"href":"https:\/\/www.elvesport.com\/en\/wp-json\/wp\/v2\/pages"}],"about":[{"href":"https:\/\/www.elvesport.com\/en\/wp-json\/wp\/v2\/types\/page"}],"author":[{"embeddable":true,"href":"https:\/\/www.elvesport.com\/en\/wp-json\/wp\/v2\/users\/1"}],"replies":[{"embeddable":true,"href":"https:\/\/www.elvesport.com\/en\/wp-json\/wp\/v2\/comments?post=43"}],"version-history":[{"count":0,"href":"https:\/\/www.elvesport.com\/en\/wp-json\/wp\/v2\/pages\/43\/revisions"}],"wp:attachment":[{"href":"https:\/\/www.elvesport.com\/en\/wp-json\/wp\/v2\/media?parent=43"}],"curies":[{"name":"wp","href":"https:\/\/api.w.org\/{rel}","templated":true}]}}