{"id":5805,"date":"2021-08-26T12:26:53","date_gmt":"2021-08-26T10:26:53","guid":{"rendered":"http:\/\/dummy.xtemos.com\/woodmart2\/elementor\/?page_id=60"},"modified":"2022-08-15T23:51:42","modified_gmt":"2022-08-15T21:51:42","slug":"zoznam-zelani","status":"publish","type":"page","link":"https:\/\/www.elvesport.com\/en\/zoznam-zelani\/","title":{"rendered":"Zoznam \u017eelan\u00ed"},"content":{"rendered":"\t\t\n\t\t\n\t\t<div class=\"\">\n\t\t\t\t\t\t<div class=\"wd-wishlist-content\">\n\t\t\t\t\t\t\t\t\t\t\t\n\t\t<p class=\"wd-empty-wishlist wd-empty-page\">\n\t\t\tThis wishlist is empty.\t\t<\/p>\n\n\t\t\t\t\t<div class=\"wd-empty-page-text\">\n\t\t\t\tVo wishliste zatia\u013e nem\u00e1te \u017eiadne produkty. <br> Na na\u0161ej str\u00e1nke \"Obchod\" n\u00e1jdete mno\u017estvo zauj\u00edmav\u00fdch produktov.\t\t\t<\/div>\n\t\t\n\t\t\n\t\t\t\t\t<p class=\"return-to-shop\">\n\t\t\t\t<a class=\"button\" href=\"https:\/\/www.elvesport.com\/en\/shop\/\">\n\t\t\t\t\tReturn to shop\t\t\t\t<\/a>\n\t\t\t<\/p>\n\t\t\t\t\t\t\t\t\t\t\t<\/div>\n\t\t\t\t<\/div>\n\t\t\n","protected":false},"excerpt":{"rendered":"","protected":false},"author":1,"featured_media":0,"parent":0,"menu_order":0,"comment_status":"closed","ping_status":"closed","template":"","meta":{"_acf_changed":false,"footnotes":""},"class_list":["post-5805","page","type-page","status-publish","hentry"],"acf":[],"_links":{"self":[{"href":"https:\/\/www.elvesport.com\/en\/wp-json\/wp\/v2\/pages\/5805","targetHints":{"allow":["GET"]}}],"collection":[{"href":"https:\/\/www.elvesport.com\/en\/wp-json\/wp\/v2\/pages"}],"about":[{"href":"https:\/\/www.elvesport.com\/en\/wp-json\/wp\/v2\/types\/page"}],"author":[{"embeddable":true,"href":"https:\/\/www.elvesport.com\/en\/wp-json\/wp\/v2\/users\/1"}],"replies":[{"embeddable":true,"href":"https:\/\/www.elvesport.com\/en\/wp-json\/wp\/v2\/comments?post=5805"}],"version-history":[{"count":1,"href":"https:\/\/www.elvesport.com\/en\/wp-json\/wp\/v2\/pages\/5805\/revisions"}],"predecessor-version":[{"id":245404,"href":"https:\/\/www.elvesport.com\/en\/wp-json\/wp\/v2\/pages\/5805\/revisions\/245404"}],"wp:attachment":[{"href":"https:\/\/www.elvesport.com\/en\/wp-json\/wp\/v2\/media?parent=5805"}],"curies":[{"name":"wp","href":"https:\/\/api.w.org\/{rel}","templated":true}]}}