{"id":248371,"date":"2022-11-18T11:40:45","date_gmt":"2022-11-18T10:40:45","guid":{"rendered":"https:\/\/www.elvesport.com\/?post_type=product&#038;p=248371"},"modified":"2025-01-13T15:52:14","modified_gmt":"2025-01-13T14:52:14","slug":"nevis-3-0-fcpa-u11-treningove-teplaky","status":"publish","type":"product","link":"https:\/\/www.elvesport.com\/en\/nevis-3-0-fcpa-u11-treningove-teplaky\/","title":{"rendered":"NEVIS 3.0 FC PETR\u017dALKA U11 TR\u00c9NINGOV\u00c9 TEPL\u00c1KY"},"content":{"rendered":"","protected":false},"excerpt":{"rendered":"<p><span style=\"color: #993300;\">Tr\u00e9ningov\u00e9 tepl\u00e1ky\u00a0 FCPA ur\u010den\u00e9 pre kateg\u00f3rie U6 \u2013 U11.\u00a0<\/span><\/p>\n","protected":false},"featured_media":266693,"comment_status":"closed","ping_status":"closed","template":"","meta":{"_acf_changed":false},"product_brand":[],"product_cat":[2608],"product_tag":[],"class_list":{"0":"post-248371","1":"product","2":"type-product","3":"status-publish","4":"has-post-thumbnail","6":"product_cat-fc-petrzalka","7":"pa_material-100-poliester","8":"pa_size-2yxs","9":"pa_size-yxs","10":"pa_size-xxs","11":"pa_size-xs","12":"pa_size-s","13":"pa_size-m","14":"pa_size-l","15":"pa_size-xl","16":"pa_size-2xl","17":"pa_size-3xl","19":"first","20":"instock","21":"taxable","22":"shipping-taxable","23":"purchasable","24":"product-type-variable"},"acf":[],"_links":{"self":[{"href":"https:\/\/www.elvesport.com\/en\/wp-json\/wp\/v2\/product\/248371","targetHints":{"allow":["GET"]}}],"collection":[{"href":"https:\/\/www.elvesport.com\/en\/wp-json\/wp\/v2\/product"}],"about":[{"href":"https:\/\/www.elvesport.com\/en\/wp-json\/wp\/v2\/types\/product"}],"replies":[{"embeddable":true,"href":"https:\/\/www.elvesport.com\/en\/wp-json\/wp\/v2\/comments?post=248371"}],"version-history":[{"count":5,"href":"https:\/\/www.elvesport.com\/en\/wp-json\/wp\/v2\/product\/248371\/revisions"}],"predecessor-version":[{"id":266703,"href":"https:\/\/www.elvesport.com\/en\/wp-json\/wp\/v2\/product\/248371\/revisions\/266703"}],"wp:featuredmedia":[{"embeddable":true,"href":"https:\/\/www.elvesport.com\/en\/wp-json\/wp\/v2\/media\/266693"}],"wp:attachment":[{"href":"https:\/\/www.elvesport.com\/en\/wp-json\/wp\/v2\/media?parent=248371"}],"wp:term":[{"taxonomy":"product_brand","embeddable":true,"href":"https:\/\/www.elvesport.com\/en\/wp-json\/wp\/v2\/product_brand?post=248371"},{"taxonomy":"product_cat","embeddable":true,"href":"https:\/\/www.elvesport.com\/en\/wp-json\/wp\/v2\/product_cat?post=248371"},{"taxonomy":"product_tag","embeddable":true,"href":"https:\/\/www.elvesport.com\/en\/wp-json\/wp\/v2\/product_tag?post=248371"}],"curies":[{"name":"wp","href":"https:\/\/api.w.org\/{rel}","templated":true}]}}