{"id":248417,"date":"2022-11-18T14:15:17","date_gmt":"2022-11-18T13:15:17","guid":{"rendered":"https:\/\/www.elvesport.com\/?post_type=product&#038;p=248417"},"modified":"2025-01-14T15:09:14","modified_gmt":"2025-01-14T14:09:14","slug":"kurt-vychadzkova-mikina-slovan-levice","status":"publish","type":"product","link":"https:\/\/www.elvesport.com\/en\/kurt-vychadzkova-mikina-slovan-levice\/","title":{"rendered":"KURT VYCH\u00c1DZKOV\u00c1 MIKINA SLOVAN LEVICE"},"content":{"rendered":"","protected":false},"excerpt":{"rendered":"<p>Vych\u00e1dzkov\u00e1 mikina KURT s 3D logom\u00a0 Slovanu Levice a inici\u00e1lmi<\/p>\n","protected":false},"featured_media":248403,"comment_status":"closed","ping_status":"closed","template":"","meta":{"_acf_changed":false},"product_brand":[],"product_cat":[1191],"product_tag":[],"class_list":{"0":"post-248417","1":"product","2":"type-product","3":"status-publish","4":"has-post-thumbnail","6":"product_cat-fk-slovan-levice","7":"pa_color-zelena","8":"pa_size-3yxs","9":"pa_size-2yxs","10":"pa_size-yxs","11":"pa_size-xxs","12":"pa_size-xs","13":"pa_size-s","14":"pa_size-m","15":"pa_size-l","16":"pa_size-xl","17":"pa_size-2xl","18":"pa_size-3xl","19":"pa_size-4xl","21":"first","22":"instock","23":"taxable","24":"shipping-taxable","25":"purchasable","26":"product-type-variable"},"acf":[],"_links":{"self":[{"href":"https:\/\/www.elvesport.com\/en\/wp-json\/wp\/v2\/product\/248417","targetHints":{"allow":["GET"]}}],"collection":[{"href":"https:\/\/www.elvesport.com\/en\/wp-json\/wp\/v2\/product"}],"about":[{"href":"https:\/\/www.elvesport.com\/en\/wp-json\/wp\/v2\/types\/product"}],"replies":[{"embeddable":true,"href":"https:\/\/www.elvesport.com\/en\/wp-json\/wp\/v2\/comments?post=248417"}],"version-history":[{"count":5,"href":"https:\/\/www.elvesport.com\/en\/wp-json\/wp\/v2\/product\/248417\/revisions"}],"predecessor-version":[{"id":269616,"href":"https:\/\/www.elvesport.com\/en\/wp-json\/wp\/v2\/product\/248417\/revisions\/269616"}],"wp:featuredmedia":[{"embeddable":true,"href":"https:\/\/www.elvesport.com\/en\/wp-json\/wp\/v2\/media\/248403"}],"wp:attachment":[{"href":"https:\/\/www.elvesport.com\/en\/wp-json\/wp\/v2\/media?parent=248417"}],"wp:term":[{"taxonomy":"product_brand","embeddable":true,"href":"https:\/\/www.elvesport.com\/en\/wp-json\/wp\/v2\/product_brand?post=248417"},{"taxonomy":"product_cat","embeddable":true,"href":"https:\/\/www.elvesport.com\/en\/wp-json\/wp\/v2\/product_cat?post=248417"},{"taxonomy":"product_tag","embeddable":true,"href":"https:\/\/www.elvesport.com\/en\/wp-json\/wp\/v2\/product_tag?post=248417"}],"curies":[{"name":"wp","href":"https:\/\/api.w.org\/{rel}","templated":true}]}}