{"id":248434,"date":"2022-11-18T13:20:36","date_gmt":"2022-11-18T12:20:36","guid":{"rendered":"https:\/\/www.elvesport.com\/?post_type=product&#038;p=248434"},"modified":"2025-01-14T15:06:53","modified_gmt":"2025-01-14T14:06:53","slug":"key-slovan-levice-vychadzkove-teplaky","status":"publish","type":"product","link":"https:\/\/www.elvesport.com\/en\/key-slovan-levice-vychadzkove-teplaky\/","title":{"rendered":"KEY SLOVAN LEVICE VYCH\u00c1DZKOV\u00c9 TEPL\u00c1KY"},"content":{"rendered":"","protected":false},"excerpt":{"rendered":"<p>Vych\u00e1dzkov\u00e9 tepl\u00e1ky KEY FK SLOVAN LEVICE s inici\u00e1lami hr\u00e1\u010da oproti logu ERREA<\/p>\n","protected":false},"featured_media":248499,"comment_status":"closed","ping_status":"closed","template":"","meta":{"_acf_changed":false},"product_brand":[],"product_cat":[1191],"product_tag":[],"class_list":{"0":"post-248434","1":"product","2":"type-product","3":"status-publish","4":"has-post-thumbnail","6":"product_cat-fk-slovan-levice","7":"pa_color-cierna","8":"pa_size-yxs","9":"pa_size-xxs","10":"pa_size-xs","11":"pa_size-s","12":"pa_size-m","13":"pa_size-l","14":"pa_size-xl","15":"pa_size-xxl","16":"pa_size-3xl","17":"pa_vnutornymaterial-100polyester","18":"pa_vonkajsimaterial-100polyester","20":"first","21":"instock","22":"taxable","23":"shipping-taxable","24":"purchasable","25":"product-type-variable"},"acf":[],"_links":{"self":[{"href":"https:\/\/www.elvesport.com\/en\/wp-json\/wp\/v2\/product\/248434","targetHints":{"allow":["GET"]}}],"collection":[{"href":"https:\/\/www.elvesport.com\/en\/wp-json\/wp\/v2\/product"}],"about":[{"href":"https:\/\/www.elvesport.com\/en\/wp-json\/wp\/v2\/types\/product"}],"replies":[{"embeddable":true,"href":"https:\/\/www.elvesport.com\/en\/wp-json\/wp\/v2\/comments?post=248434"}],"version-history":[{"count":2,"href":"https:\/\/www.elvesport.com\/en\/wp-json\/wp\/v2\/product\/248434\/revisions"}],"predecessor-version":[{"id":253844,"href":"https:\/\/www.elvesport.com\/en\/wp-json\/wp\/v2\/product\/248434\/revisions\/253844"}],"wp:featuredmedia":[{"embeddable":true,"href":"https:\/\/www.elvesport.com\/en\/wp-json\/wp\/v2\/media\/248499"}],"wp:attachment":[{"href":"https:\/\/www.elvesport.com\/en\/wp-json\/wp\/v2\/media?parent=248434"}],"wp:term":[{"taxonomy":"product_brand","embeddable":true,"href":"https:\/\/www.elvesport.com\/en\/wp-json\/wp\/v2\/product_brand?post=248434"},{"taxonomy":"product_cat","embeddable":true,"href":"https:\/\/www.elvesport.com\/en\/wp-json\/wp\/v2\/product_cat?post=248434"},{"taxonomy":"product_tag","embeddable":true,"href":"https:\/\/www.elvesport.com\/en\/wp-json\/wp\/v2\/product_tag?post=248434"}],"curies":[{"name":"wp","href":"https:\/\/api.w.org\/{rel}","templated":true}]}}