{"id":248595,"date":"2022-11-18T15:50:12","date_gmt":"2022-11-18T14:50:12","guid":{"rendered":"https:\/\/www.elvesport.com\/?post_type=product&#038;p=248595"},"modified":"2025-01-14T15:18:32","modified_gmt":"2025-01-14T14:18:32","slug":"set-madison-nevis-treningova-suprava-slovan-levice","status":"publish","type":"product","link":"https:\/\/www.elvesport.com\/en\/set-madison-nevis-treningova-suprava-slovan-levice\/","title":{"rendered":"SET MADISON + NEVIS TR\u00c9NINGOV\u00c1 S\u00daPRAVA SLOVAN LEVICE"},"content":{"rendered":"","protected":false},"excerpt":{"rendered":"","protected":false},"featured_media":248596,"comment_status":"closed","ping_status":"closed","template":"","meta":{"_acf_changed":false},"product_brand":[],"product_cat":[1191],"product_tag":[],"class_list":{"0":"post-248595","1":"product","2":"type-product","3":"status-publish","4":"has-post-thumbnail","6":"product_cat-fk-slovan-levice","8":"first","9":"instock","10":"sale","11":"taxable","12":"shipping-taxable","13":"purchasable","14":"product-type-woosb"},"acf":[],"_links":{"self":[{"href":"https:\/\/www.elvesport.com\/en\/wp-json\/wp\/v2\/product\/248595","targetHints":{"allow":["GET"]}}],"collection":[{"href":"https:\/\/www.elvesport.com\/en\/wp-json\/wp\/v2\/product"}],"about":[{"href":"https:\/\/www.elvesport.com\/en\/wp-json\/wp\/v2\/types\/product"}],"replies":[{"embeddable":true,"href":"https:\/\/www.elvesport.com\/en\/wp-json\/wp\/v2\/comments?post=248595"}],"version-history":[{"count":1,"href":"https:\/\/www.elvesport.com\/en\/wp-json\/wp\/v2\/product\/248595\/revisions"}],"predecessor-version":[{"id":248597,"href":"https:\/\/www.elvesport.com\/en\/wp-json\/wp\/v2\/product\/248595\/revisions\/248597"}],"wp:featuredmedia":[{"embeddable":true,"href":"https:\/\/www.elvesport.com\/en\/wp-json\/wp\/v2\/media\/248596"}],"wp:attachment":[{"href":"https:\/\/www.elvesport.com\/en\/wp-json\/wp\/v2\/media?parent=248595"}],"wp:term":[{"taxonomy":"product_brand","embeddable":true,"href":"https:\/\/www.elvesport.com\/en\/wp-json\/wp\/v2\/product_brand?post=248595"},{"taxonomy":"product_cat","embeddable":true,"href":"https:\/\/www.elvesport.com\/en\/wp-json\/wp\/v2\/product_cat?post=248595"},{"taxonomy":"product_tag","embeddable":true,"href":"https:\/\/www.elvesport.com\/en\/wp-json\/wp\/v2\/product_tag?post=248595"}],"curies":[{"name":"wp","href":"https:\/\/api.w.org\/{rel}","templated":true}]}}