{"id":248616,"date":"2020-10-11T16:20:01","date_gmt":"2020-10-11T14:20:01","guid":{"rendered":"https:\/\/www.elvesport.com\/?post_type=product&#038;p=248616"},"modified":"2025-01-10T11:46:21","modified_gmt":"2025-01-10T10:46:21","slug":"zatepleny-nakrcnik-slovan-levice","status":"publish","type":"product","link":"https:\/\/www.elvesport.com\/en\/zatepleny-nakrcnik-slovan-levice\/","title":{"rendered":"ZATEPLEN\u00dd N\u00c1KR\u010cN\u00cdK SLOVAN LEVICE"},"content":{"rendered":"","protected":false},"excerpt":{"rendered":"<p>Zateplen\u00fd n\u00e1kr\u010dn\u00edk v plnej grafike FK Slovan Levice. Ide\u00e1lny na tr\u00e9ning v zimn\u00fdch mesiacoch. N\u00e1kr\u010dn\u00edk m\u00e1 gumi\u010dku na za\u0165ahovanie, preto je mo\u017en\u00e9 nosi\u0165 ho aj ako \u010diapku.<\/p>\n","protected":false},"featured_media":248617,"comment_status":"closed","ping_status":"closed","template":"","meta":{"_acf_changed":false},"product_brand":[],"product_cat":[1191],"product_tag":[],"class_list":{"0":"post-248616","1":"product","2":"type-product","3":"status-publish","4":"has-post-thumbnail","6":"product_cat-fk-slovan-levice","7":"pa_znacka-elve","9":"first","10":"instock","11":"taxable","12":"shipping-taxable","13":"purchasable","14":"product-type-simple"},"acf":[],"_links":{"self":[{"href":"https:\/\/www.elvesport.com\/en\/wp-json\/wp\/v2\/product\/248616","targetHints":{"allow":["GET"]}}],"collection":[{"href":"https:\/\/www.elvesport.com\/en\/wp-json\/wp\/v2\/product"}],"about":[{"href":"https:\/\/www.elvesport.com\/en\/wp-json\/wp\/v2\/types\/product"}],"replies":[{"embeddable":true,"href":"https:\/\/www.elvesport.com\/en\/wp-json\/wp\/v2\/comments?post=248616"}],"version-history":[{"count":5,"href":"https:\/\/www.elvesport.com\/en\/wp-json\/wp\/v2\/product\/248616\/revisions"}],"predecessor-version":[{"id":248650,"href":"https:\/\/www.elvesport.com\/en\/wp-json\/wp\/v2\/product\/248616\/revisions\/248650"}],"wp:featuredmedia":[{"embeddable":true,"href":"https:\/\/www.elvesport.com\/en\/wp-json\/wp\/v2\/media\/248617"}],"wp:attachment":[{"href":"https:\/\/www.elvesport.com\/en\/wp-json\/wp\/v2\/media?parent=248616"}],"wp:term":[{"taxonomy":"product_brand","embeddable":true,"href":"https:\/\/www.elvesport.com\/en\/wp-json\/wp\/v2\/product_brand?post=248616"},{"taxonomy":"product_cat","embeddable":true,"href":"https:\/\/www.elvesport.com\/en\/wp-json\/wp\/v2\/product_cat?post=248616"},{"taxonomy":"product_tag","embeddable":true,"href":"https:\/\/www.elvesport.com\/en\/wp-json\/wp\/v2\/product_tag?post=248616"}],"curies":[{"name":"wp","href":"https:\/\/api.w.org\/{rel}","templated":true}]}}