{"id":248661,"date":"2022-11-21T10:52:54","date_gmt":"2022-11-21T09:52:54","guid":{"rendered":"https:\/\/www.elvesport.com\/?post_type=product&#038;p=248661"},"modified":"2025-01-10T11:46:21","modified_gmt":"2025-01-10T10:46:21","slug":"zatepleny-nakrcnik-fc-vion-22","status":"publish","type":"product","link":"https:\/\/www.elvesport.com\/en\/zatepleny-nakrcnik-fc-vion-22\/","title":{"rendered":"ZATEPLEN\u00dd N\u00c1KR\u010cN\u00cdK FC VION 22"},"content":{"rendered":"","protected":false},"excerpt":{"rendered":"<p>Zateplen\u00fd n\u00e1kr\u010dn\u00edk v plnej grafike FC Vion Zlat\u00e9 Moravce. Ide\u00e1lny na tr\u00e9ning v zimn\u00fdch mesiacoch. N\u00e1kr\u010dn\u00edk m\u00e1 gumi\u010dku na za\u0165ahovanie, preto je mo\u017en\u00e9 nosi\u0165 ho aj ako \u010diapku.<\/p>\n","protected":false},"featured_media":248662,"comment_status":"closed","ping_status":"closed","template":"","meta":{"_acf_changed":false},"product_brand":[],"product_cat":[2814],"product_tag":[],"class_list":{"0":"post-248661","1":"product","2":"type-product","3":"status-publish","4":"has-post-thumbnail","6":"product_cat-fc-vion-zlate-moravce","8":"first","9":"instock","10":"taxable","11":"shipping-taxable","12":"purchasable","13":"product-type-simple"},"acf":[],"_links":{"self":[{"href":"https:\/\/www.elvesport.com\/en\/wp-json\/wp\/v2\/product\/248661","targetHints":{"allow":["GET"]}}],"collection":[{"href":"https:\/\/www.elvesport.com\/en\/wp-json\/wp\/v2\/product"}],"about":[{"href":"https:\/\/www.elvesport.com\/en\/wp-json\/wp\/v2\/types\/product"}],"replies":[{"embeddable":true,"href":"https:\/\/www.elvesport.com\/en\/wp-json\/wp\/v2\/comments?post=248661"}],"version-history":[{"count":2,"href":"https:\/\/www.elvesport.com\/en\/wp-json\/wp\/v2\/product\/248661\/revisions"}],"predecessor-version":[{"id":248664,"href":"https:\/\/www.elvesport.com\/en\/wp-json\/wp\/v2\/product\/248661\/revisions\/248664"}],"wp:featuredmedia":[{"embeddable":true,"href":"https:\/\/www.elvesport.com\/en\/wp-json\/wp\/v2\/media\/248662"}],"wp:attachment":[{"href":"https:\/\/www.elvesport.com\/en\/wp-json\/wp\/v2\/media?parent=248661"}],"wp:term":[{"taxonomy":"product_brand","embeddable":true,"href":"https:\/\/www.elvesport.com\/en\/wp-json\/wp\/v2\/product_brand?post=248661"},{"taxonomy":"product_cat","embeddable":true,"href":"https:\/\/www.elvesport.com\/en\/wp-json\/wp\/v2\/product_cat?post=248661"},{"taxonomy":"product_tag","embeddable":true,"href":"https:\/\/www.elvesport.com\/en\/wp-json\/wp\/v2\/product_tag?post=248661"}],"curies":[{"name":"wp","href":"https:\/\/api.w.org\/{rel}","templated":true}]}}