{"id":248677,"date":"2023-02-14T13:55:19","date_gmt":"2023-02-14T12:55:19","guid":{"rendered":"https:\/\/www.elvesport.com\/?post_type=product&#038;p=248677"},"modified":"2025-01-14T15:49:36","modified_gmt":"2025-01-14T14:49:36","slug":"pressing-sustakova-bunda-vrakuna","status":"publish","type":"product","link":"https:\/\/www.elvesport.com\/en\/pressing-sustakova-bunda-vrakuna\/","title":{"rendered":"TR\u00c9NINGOV\u00c1 \u0160U\u0160T\u00c1KOV\u00c1 BUNDA \u0160K VRAKU\u0147A PRESSING"},"content":{"rendered":"","protected":false},"excerpt":{"rendered":"<p>Tr\u00e9ningov\u00e1 \u0161u\u0161\u0165\u00e1kov\u00e1 bunda pre klub \u0160K Vraku\u0148a s ob\u0161it\u00fdm logom a vy\u0161it\u00fdmi inici\u00e1lmi pod znakom ERREA<\/p>\n","protected":false},"featured_media":254000,"comment_status":"closed","ping_status":"closed","template":"","meta":{"_acf_changed":false},"product_brand":[],"product_cat":[2871],"product_tag":[],"class_list":{"0":"post-248677","1":"product","2":"type-product","3":"status-publish","4":"has-post-thumbnail","6":"product_cat-sk-vrakuna","7":"pa_size-2yxs","8":"pa_size-yxs","9":"pa_size-xxs","10":"pa_size-xs","11":"pa_size-s","12":"pa_size-m","13":"pa_size-l","14":"pa_size-xl","15":"pa_size-2xl","16":"pa_size-3xl","18":"first","19":"instock","20":"taxable","21":"shipping-taxable","22":"purchasable","23":"product-type-variable"},"acf":[],"_links":{"self":[{"href":"https:\/\/www.elvesport.com\/en\/wp-json\/wp\/v2\/product\/248677","targetHints":{"allow":["GET"]}}],"collection":[{"href":"https:\/\/www.elvesport.com\/en\/wp-json\/wp\/v2\/product"}],"about":[{"href":"https:\/\/www.elvesport.com\/en\/wp-json\/wp\/v2\/types\/product"}],"replies":[{"embeddable":true,"href":"https:\/\/www.elvesport.com\/en\/wp-json\/wp\/v2\/comments?post=248677"}],"version-history":[{"count":6,"href":"https:\/\/www.elvesport.com\/en\/wp-json\/wp\/v2\/product\/248677\/revisions"}],"predecessor-version":[{"id":272182,"href":"https:\/\/www.elvesport.com\/en\/wp-json\/wp\/v2\/product\/248677\/revisions\/272182"}],"wp:featuredmedia":[{"embeddable":true,"href":"https:\/\/www.elvesport.com\/en\/wp-json\/wp\/v2\/media\/254000"}],"wp:attachment":[{"href":"https:\/\/www.elvesport.com\/en\/wp-json\/wp\/v2\/media?parent=248677"}],"wp:term":[{"taxonomy":"product_brand","embeddable":true,"href":"https:\/\/www.elvesport.com\/en\/wp-json\/wp\/v2\/product_brand?post=248677"},{"taxonomy":"product_cat","embeddable":true,"href":"https:\/\/www.elvesport.com\/en\/wp-json\/wp\/v2\/product_cat?post=248677"},{"taxonomy":"product_tag","embeddable":true,"href":"https:\/\/www.elvesport.com\/en\/wp-json\/wp\/v2\/product_tag?post=248677"}],"curies":[{"name":"wp","href":"https:\/\/api.w.org\/{rel}","templated":true}]}}