{"id":248853,"date":"2025-01-24T09:47:46","date_gmt":"2025-01-24T08:47:46","guid":{"rendered":"https:\/\/www.elvesport.com\/?post_type=product&#038;p=248853"},"modified":"2025-01-24T15:17:42","modified_gmt":"2025-01-24T14:17:42","slug":"latkovy-sal-futsal-team-levice","status":"publish","type":"product","link":"https:\/\/www.elvesport.com\/en\/latkovy-sal-futsal-team-levice\/","title":{"rendered":"L\u00c1TKOV\u00dd \u0160\u00c1L FUTSAL TEAM LEVICE"},"content":{"rendered":"","protected":false},"excerpt":{"rendered":"","protected":false},"featured_media":272258,"comment_status":"closed","ping_status":"closed","template":"","meta":{"_acf_changed":false},"product_brand":[],"product_cat":[2849],"product_tag":[],"class_list":{"0":"post-248853","1":"product","2":"type-product","3":"status-publish","4":"has-post-thumbnail","6":"product_cat-futsal-team-levice","7":"pa_znacka-elve","9":"first","10":"instock","11":"taxable","12":"shipping-taxable","13":"purchasable","14":"product-type-simple"},"acf":[],"_links":{"self":[{"href":"https:\/\/www.elvesport.com\/en\/wp-json\/wp\/v2\/product\/248853","targetHints":{"allow":["GET"]}}],"collection":[{"href":"https:\/\/www.elvesport.com\/en\/wp-json\/wp\/v2\/product"}],"about":[{"href":"https:\/\/www.elvesport.com\/en\/wp-json\/wp\/v2\/types\/product"}],"replies":[{"embeddable":true,"href":"https:\/\/www.elvesport.com\/en\/wp-json\/wp\/v2\/comments?post=248853"}],"version-history":[{"count":2,"href":"https:\/\/www.elvesport.com\/en\/wp-json\/wp\/v2\/product\/248853\/revisions"}],"predecessor-version":[{"id":248856,"href":"https:\/\/www.elvesport.com\/en\/wp-json\/wp\/v2\/product\/248853\/revisions\/248856"}],"wp:featuredmedia":[{"embeddable":true,"href":"https:\/\/www.elvesport.com\/en\/wp-json\/wp\/v2\/media\/272258"}],"wp:attachment":[{"href":"https:\/\/www.elvesport.com\/en\/wp-json\/wp\/v2\/media?parent=248853"}],"wp:term":[{"taxonomy":"product_brand","embeddable":true,"href":"https:\/\/www.elvesport.com\/en\/wp-json\/wp\/v2\/product_brand?post=248853"},{"taxonomy":"product_cat","embeddable":true,"href":"https:\/\/www.elvesport.com\/en\/wp-json\/wp\/v2\/product_cat?post=248853"},{"taxonomy":"product_tag","embeddable":true,"href":"https:\/\/www.elvesport.com\/en\/wp-json\/wp\/v2\/product_tag?post=248853"}],"curies":[{"name":"wp","href":"https:\/\/api.w.org\/{rel}","templated":true}]}}