{"id":249136,"date":"2020-06-03T13:50:48","date_gmt":"2020-06-03T11:50:48","guid":{"rendered":"https:\/\/www.elvesport.com\/?post_type=product&#038;p=249136"},"modified":"2025-01-10T11:56:14","modified_gmt":"2025-01-10T10:56:14","slug":"podsedak-fcp","status":"publish","type":"product","link":"https:\/\/www.elvesport.com\/en\/podsedak-fcp\/","title":{"rendered":"PODSED\u00c1K FCP 24"},"content":{"rendered":"","protected":false},"excerpt":{"rendered":"<p>Podsed\u00e1k v plnej grafike FC Petr\u017ealka. Je vybaven\u00fd dvoma gumi\u010dkami na kraji, viete ho jednoducho zlo\u017ei\u0165 a da\u0165 do ruksaku alebo ta\u0161ky.<\/p>\n","protected":false},"featured_media":268830,"comment_status":"closed","ping_status":"closed","template":"","meta":{"_acf_changed":false},"product_brand":[],"product_cat":[2608],"product_tag":[],"class_list":{"0":"post-249136","1":"product","2":"type-product","3":"status-publish","4":"has-post-thumbnail","6":"product_cat-fc-petrzalka","7":"pa_znacka-elve","9":"first","10":"instock","11":"taxable","12":"shipping-taxable","13":"purchasable","14":"product-type-simple"},"acf":[],"_links":{"self":[{"href":"https:\/\/www.elvesport.com\/en\/wp-json\/wp\/v2\/product\/249136","targetHints":{"allow":["GET"]}}],"collection":[{"href":"https:\/\/www.elvesport.com\/en\/wp-json\/wp\/v2\/product"}],"about":[{"href":"https:\/\/www.elvesport.com\/en\/wp-json\/wp\/v2\/types\/product"}],"replies":[{"embeddable":true,"href":"https:\/\/www.elvesport.com\/en\/wp-json\/wp\/v2\/comments?post=249136"}],"version-history":[{"count":3,"href":"https:\/\/www.elvesport.com\/en\/wp-json\/wp\/v2\/product\/249136\/revisions"}],"predecessor-version":[{"id":269434,"href":"https:\/\/www.elvesport.com\/en\/wp-json\/wp\/v2\/product\/249136\/revisions\/269434"}],"wp:featuredmedia":[{"embeddable":true,"href":"https:\/\/www.elvesport.com\/en\/wp-json\/wp\/v2\/media\/268830"}],"wp:attachment":[{"href":"https:\/\/www.elvesport.com\/en\/wp-json\/wp\/v2\/media?parent=249136"}],"wp:term":[{"taxonomy":"product_brand","embeddable":true,"href":"https:\/\/www.elvesport.com\/en\/wp-json\/wp\/v2\/product_brand?post=249136"},{"taxonomy":"product_cat","embeddable":true,"href":"https:\/\/www.elvesport.com\/en\/wp-json\/wp\/v2\/product_cat?post=249136"},{"taxonomy":"product_tag","embeddable":true,"href":"https:\/\/www.elvesport.com\/en\/wp-json\/wp\/v2\/product_tag?post=249136"}],"curies":[{"name":"wp","href":"https:\/\/api.w.org\/{rel}","templated":true}]}}