{"id":249147,"date":"2022-12-02T17:47:38","date_gmt":"2022-12-02T16:47:38","guid":{"rendered":"https:\/\/www.elvesport.com\/?post_type=product&#038;p=249147"},"modified":"2025-01-10T11:38:31","modified_gmt":"2025-01-10T10:38:31","slug":"vrecko-fcp","status":"publish","type":"product","link":"https:\/\/www.elvesport.com\/en\/vrecko-fcp\/","title":{"rendered":"VRECKO FCP"},"content":{"rendered":"","protected":false},"excerpt":{"rendered":"<p>L\u00e1tkov\u00e9 vrecko na tr\u00e9ningov\u00e9 oble\u010denie alebo obuv.<\/p>\n","protected":false},"featured_media":266675,"comment_status":"closed","ping_status":"closed","template":"","meta":{"_acf_changed":false},"product_brand":[],"product_cat":[2608],"product_tag":[],"class_list":{"0":"post-249147","1":"product","2":"type-product","3":"status-publish","4":"has-post-thumbnail","6":"product_cat-fc-petrzalka","7":"pa_znacka-elve","9":"first","10":"instock","11":"taxable","12":"shipping-taxable","13":"purchasable","14":"product-type-simple"},"acf":[],"_links":{"self":[{"href":"https:\/\/www.elvesport.com\/en\/wp-json\/wp\/v2\/product\/249147","targetHints":{"allow":["GET"]}}],"collection":[{"href":"https:\/\/www.elvesport.com\/en\/wp-json\/wp\/v2\/product"}],"about":[{"href":"https:\/\/www.elvesport.com\/en\/wp-json\/wp\/v2\/types\/product"}],"replies":[{"embeddable":true,"href":"https:\/\/www.elvesport.com\/en\/wp-json\/wp\/v2\/comments?post=249147"}],"version-history":[{"count":2,"href":"https:\/\/www.elvesport.com\/en\/wp-json\/wp\/v2\/product\/249147\/revisions"}],"predecessor-version":[{"id":249150,"href":"https:\/\/www.elvesport.com\/en\/wp-json\/wp\/v2\/product\/249147\/revisions\/249150"}],"wp:featuredmedia":[{"embeddable":true,"href":"https:\/\/www.elvesport.com\/en\/wp-json\/wp\/v2\/media\/266675"}],"wp:attachment":[{"href":"https:\/\/www.elvesport.com\/en\/wp-json\/wp\/v2\/media?parent=249147"}],"wp:term":[{"taxonomy":"product_brand","embeddable":true,"href":"https:\/\/www.elvesport.com\/en\/wp-json\/wp\/v2\/product_brand?post=249147"},{"taxonomy":"product_cat","embeddable":true,"href":"https:\/\/www.elvesport.com\/en\/wp-json\/wp\/v2\/product_cat?post=249147"},{"taxonomy":"product_tag","embeddable":true,"href":"https:\/\/www.elvesport.com\/en\/wp-json\/wp\/v2\/product_tag?post=249147"}],"curies":[{"name":"wp","href":"https:\/\/api.w.org\/{rel}","templated":true}]}}