{"id":253908,"date":"2023-02-14T13:20:31","date_gmt":"2023-02-14T12:20:31","guid":{"rendered":"https:\/\/www.elvesport.com\/?post_type=product&#038;p=253908"},"modified":"2025-01-10T13:40:04","modified_gmt":"2025-01-10T12:40:04","slug":"uterak-osuska-sk-vrakuna","status":"publish","type":"product","link":"https:\/\/www.elvesport.com\/en\/uterak-osuska-sk-vrakuna\/","title":{"rendered":"UTER\u00c1K\/OSU\u0160KA \u0160K VRAKU\u0147A"},"content":{"rendered":"","protected":false},"excerpt":{"rendered":"","protected":false},"featured_media":253912,"comment_status":"closed","ping_status":"closed","template":"","meta":{"_acf_changed":false},"product_brand":[],"product_cat":[2871],"product_tag":[],"class_list":{"0":"post-253908","1":"product","2":"type-product","3":"status-publish","4":"has-post-thumbnail","6":"product_cat-sk-vrakuna","7":"pa_size-140x70cm","8":"pa_size-105x50cm","9":"pa_size-50x30cm","10":"pa_znacka-elve","12":"first","13":"instock","14":"taxable","15":"shipping-taxable","16":"purchasable","17":"product-type-variable"},"acf":[],"_links":{"self":[{"href":"https:\/\/www.elvesport.com\/en\/wp-json\/wp\/v2\/product\/253908","targetHints":{"allow":["GET"]}}],"collection":[{"href":"https:\/\/www.elvesport.com\/en\/wp-json\/wp\/v2\/product"}],"about":[{"href":"https:\/\/www.elvesport.com\/en\/wp-json\/wp\/v2\/types\/product"}],"replies":[{"embeddable":true,"href":"https:\/\/www.elvesport.com\/en\/wp-json\/wp\/v2\/comments?post=253908"}],"version-history":[{"count":1,"href":"https:\/\/www.elvesport.com\/en\/wp-json\/wp\/v2\/product\/253908\/revisions"}],"predecessor-version":[{"id":253914,"href":"https:\/\/www.elvesport.com\/en\/wp-json\/wp\/v2\/product\/253908\/revisions\/253914"}],"wp:featuredmedia":[{"embeddable":true,"href":"https:\/\/www.elvesport.com\/en\/wp-json\/wp\/v2\/media\/253912"}],"wp:attachment":[{"href":"https:\/\/www.elvesport.com\/en\/wp-json\/wp\/v2\/media?parent=253908"}],"wp:term":[{"taxonomy":"product_brand","embeddable":true,"href":"https:\/\/www.elvesport.com\/en\/wp-json\/wp\/v2\/product_brand?post=253908"},{"taxonomy":"product_cat","embeddable":true,"href":"https:\/\/www.elvesport.com\/en\/wp-json\/wp\/v2\/product_cat?post=253908"},{"taxonomy":"product_tag","embeddable":true,"href":"https:\/\/www.elvesport.com\/en\/wp-json\/wp\/v2\/product_tag?post=253908"}],"curies":[{"name":"wp","href":"https:\/\/api.w.org\/{rel}","templated":true}]}}