{"id":254026,"date":"2023-02-14T14:10:38","date_gmt":"2023-02-14T13:10:38","guid":{"rendered":"https:\/\/www.elvesport.com\/?post_type=product&#038;p=254026"},"modified":"2024-06-17T13:53:24","modified_gmt":"2024-06-17T11:53:24","slug":"stucne-sk-vrakuna","status":"publish","type":"product","link":"https:\/\/www.elvesport.com\/en\/stucne-sk-vrakuna\/","title":{"rendered":"TR\u00c9NINGOV\u00c9 \u0160TULPNE \u0160K VRAKU\u0147A"},"content":{"rendered":"","protected":false},"excerpt":{"rendered":"<p>Ve\u013ekostn\u00e1 tabu\u013eka :<br \/>\nDospel\u00ed\u00a0 41-46<br \/>\nJunior\u00a0 35-40<br \/>\nDeti\u00a0 29-34<\/p>\n<p>&nbsp;<\/p>\n","protected":false},"featured_media":255037,"comment_status":"closed","ping_status":"closed","template":"","meta":{"_acf_changed":false},"product_brand":[],"product_cat":[2871],"product_tag":[],"class_list":{"0":"post-254026","1":"product","2":"type-product","3":"status-publish","4":"has-post-thumbnail","6":"product_cat-sk-vrakuna","7":"pa_size-deti","8":"pa_size-juniori","9":"pa_size-dospeli","11":"first","12":"instock","13":"taxable","14":"shipping-taxable","15":"purchasable","16":"product-type-variable"},"acf":[],"_links":{"self":[{"href":"https:\/\/www.elvesport.com\/en\/wp-json\/wp\/v2\/product\/254026","targetHints":{"allow":["GET"]}}],"collection":[{"href":"https:\/\/www.elvesport.com\/en\/wp-json\/wp\/v2\/product"}],"about":[{"href":"https:\/\/www.elvesport.com\/en\/wp-json\/wp\/v2\/types\/product"}],"replies":[{"embeddable":true,"href":"https:\/\/www.elvesport.com\/en\/wp-json\/wp\/v2\/comments?post=254026"}],"version-history":[{"count":5,"href":"https:\/\/www.elvesport.com\/en\/wp-json\/wp\/v2\/product\/254026\/revisions"}],"predecessor-version":[{"id":267581,"href":"https:\/\/www.elvesport.com\/en\/wp-json\/wp\/v2\/product\/254026\/revisions\/267581"}],"wp:featuredmedia":[{"embeddable":true,"href":"https:\/\/www.elvesport.com\/en\/wp-json\/wp\/v2\/media\/255037"}],"wp:attachment":[{"href":"https:\/\/www.elvesport.com\/en\/wp-json\/wp\/v2\/media?parent=254026"}],"wp:term":[{"taxonomy":"product_brand","embeddable":true,"href":"https:\/\/www.elvesport.com\/en\/wp-json\/wp\/v2\/product_brand?post=254026"},{"taxonomy":"product_cat","embeddable":true,"href":"https:\/\/www.elvesport.com\/en\/wp-json\/wp\/v2\/product_cat?post=254026"},{"taxonomy":"product_tag","embeddable":true,"href":"https:\/\/www.elvesport.com\/en\/wp-json\/wp\/v2\/product_tag?post=254026"}],"curies":[{"name":"wp","href":"https:\/\/api.w.org\/{rel}","templated":true}]}}