{"id":254032,"date":"2023-02-14T14:00:25","date_gmt":"2023-02-14T13:00:25","guid":{"rendered":"https:\/\/www.elvesport.com\/?post_type=product&#038;p=254032"},"modified":"2025-01-14T15:57:44","modified_gmt":"2025-01-14T14:57:44","slug":"madison-nevis-3-0-sk-vrakuna","status":"publish","type":"product","link":"https:\/\/www.elvesport.com\/en\/madison-nevis-3-0-sk-vrakuna\/","title":{"rendered":"TR\u00c9NIGOV\u00c1 S\u00daPRAVA \u0160K VRAKU\u0147A MADISON + NEVIS 3.0"},"content":{"rendered":"","protected":false},"excerpt":{"rendered":"","protected":false},"featured_media":255040,"comment_status":"closed","ping_status":"closed","template":"","meta":{"_acf_changed":false},"product_brand":[],"product_cat":[2871],"product_tag":[],"class_list":{"0":"post-254032","1":"product","2":"type-product","3":"status-publish","4":"has-post-thumbnail","6":"product_cat-sk-vrakuna","7":"pa_color-kralovska-modra-cierna","8":"pa_pohlavie-unisex","9":"pa_size-3yxs","10":"pa_size-2yxs","11":"pa_size-yxs","12":"pa_size-xxs","13":"pa_size-xs","14":"pa_size-s","15":"pa_size-m","16":"pa_size-l","17":"pa_size-xl","18":"pa_size-xxl","19":"pa_size-3xl","20":"pa_vnutornymaterial-100polyester","21":"pa_vonkajsimaterial-100polyester","23":"first","24":"instock","25":"sale","26":"taxable","27":"shipping-taxable","28":"purchasable","29":"product-type-woosb"},"acf":[],"_links":{"self":[{"href":"https:\/\/www.elvesport.com\/en\/wp-json\/wp\/v2\/product\/254032","targetHints":{"allow":["GET"]}}],"collection":[{"href":"https:\/\/www.elvesport.com\/en\/wp-json\/wp\/v2\/product"}],"about":[{"href":"https:\/\/www.elvesport.com\/en\/wp-json\/wp\/v2\/types\/product"}],"replies":[{"embeddable":true,"href":"https:\/\/www.elvesport.com\/en\/wp-json\/wp\/v2\/comments?post=254032"}],"version-history":[{"count":3,"href":"https:\/\/www.elvesport.com\/en\/wp-json\/wp\/v2\/product\/254032\/revisions"}],"predecessor-version":[{"id":254270,"href":"https:\/\/www.elvesport.com\/en\/wp-json\/wp\/v2\/product\/254032\/revisions\/254270"}],"wp:featuredmedia":[{"embeddable":true,"href":"https:\/\/www.elvesport.com\/en\/wp-json\/wp\/v2\/media\/255040"}],"wp:attachment":[{"href":"https:\/\/www.elvesport.com\/en\/wp-json\/wp\/v2\/media?parent=254032"}],"wp:term":[{"taxonomy":"product_brand","embeddable":true,"href":"https:\/\/www.elvesport.com\/en\/wp-json\/wp\/v2\/product_brand?post=254032"},{"taxonomy":"product_cat","embeddable":true,"href":"https:\/\/www.elvesport.com\/en\/wp-json\/wp\/v2\/product_cat?post=254032"},{"taxonomy":"product_tag","embeddable":true,"href":"https:\/\/www.elvesport.com\/en\/wp-json\/wp\/v2\/product_tag?post=254032"}],"curies":[{"name":"wp","href":"https:\/\/api.w.org\/{rel}","templated":true}]}}