{"id":260107,"date":"2023-08-14T14:38:12","date_gmt":"2023-08-14T12:38:12","guid":{"rendered":"https:\/\/www.elvesport.com\/?post_type=product&#038;p=260107"},"modified":"2025-01-13T15:24:50","modified_gmt":"2025-01-13T14:24:50","slug":"vychadzkove-teplaky-flann-fc-vion","status":"publish","type":"product","link":"https:\/\/www.elvesport.com\/en\/vychadzkove-teplaky-flann-fc-vion\/","title":{"rendered":"VYCH\u00c1DZKOV\u00c9 TEPL\u00c1KY FLANN FC VION"},"content":{"rendered":"","protected":false},"excerpt":{"rendered":"","protected":false},"featured_media":260119,"comment_status":"closed","ping_status":"closed","template":"","meta":{"_acf_changed":false},"product_brand":[],"product_cat":[2814],"product_tag":[],"class_list":{"0":"post-260107","1":"product","2":"type-product","3":"status-publish","4":"has-post-thumbnail","6":"product_cat-fc-vion-zlate-moravce","7":"pa_color-tmavomodra","8":"pa_size-2yxs","9":"pa_size-yxs","10":"pa_size-xxs","11":"pa_size-xs","12":"pa_size-s","13":"pa_size-m","14":"pa_size-l","15":"pa_size-xl","16":"pa_size-xxl","17":"pa_size-3xl","19":"first","20":"instock","21":"taxable","22":"shipping-taxable","23":"purchasable","24":"product-type-variable"},"acf":[],"_links":{"self":[{"href":"https:\/\/www.elvesport.com\/en\/wp-json\/wp\/v2\/product\/260107","targetHints":{"allow":["GET"]}}],"collection":[{"href":"https:\/\/www.elvesport.com\/en\/wp-json\/wp\/v2\/product"}],"about":[{"href":"https:\/\/www.elvesport.com\/en\/wp-json\/wp\/v2\/types\/product"}],"replies":[{"embeddable":true,"href":"https:\/\/www.elvesport.com\/en\/wp-json\/wp\/v2\/comments?post=260107"}],"version-history":[{"count":1,"href":"https:\/\/www.elvesport.com\/en\/wp-json\/wp\/v2\/product\/260107\/revisions"}],"predecessor-version":[{"id":260108,"href":"https:\/\/www.elvesport.com\/en\/wp-json\/wp\/v2\/product\/260107\/revisions\/260108"}],"wp:featuredmedia":[{"embeddable":true,"href":"https:\/\/www.elvesport.com\/en\/wp-json\/wp\/v2\/media\/260119"}],"wp:attachment":[{"href":"https:\/\/www.elvesport.com\/en\/wp-json\/wp\/v2\/media?parent=260107"}],"wp:term":[{"taxonomy":"product_brand","embeddable":true,"href":"https:\/\/www.elvesport.com\/en\/wp-json\/wp\/v2\/product_brand?post=260107"},{"taxonomy":"product_cat","embeddable":true,"href":"https:\/\/www.elvesport.com\/en\/wp-json\/wp\/v2\/product_cat?post=260107"},{"taxonomy":"product_tag","embeddable":true,"href":"https:\/\/www.elvesport.com\/en\/wp-json\/wp\/v2\/product_tag?post=260107"}],"curies":[{"name":"wp","href":"https:\/\/api.w.org\/{rel}","templated":true}]}}