{"id":260601,"date":"2023-09-07T14:50:42","date_gmt":"2023-09-07T12:50:42","guid":{"rendered":"https:\/\/www.elvesport.com\/?post_type=product&#038;p=260601"},"modified":"2025-01-10T11:43:13","modified_gmt":"2025-01-10T10:43:13","slug":"gymsack-bc-komarno","status":"publish","type":"product","link":"https:\/\/www.elvesport.com\/en\/gymsack-bc-komarno\/","title":{"rendered":"GYMSACK BC KOM\u00c1RNO"},"content":{"rendered":"","protected":false},"excerpt":{"rendered":"<ul>\n<li>GYMSACK v plnej grafike BC Kom\u00e1rno.<\/li>\n<li>Materi\u00e1l s vodn\u00fdm st\u013apcom &#8211; odol\u00e1 \u013eahkej preh\u00e1nke<\/li>\n<li><\/li>\n<\/ul>\n","protected":false},"featured_media":260602,"comment_status":"closed","ping_status":"closed","template":"","meta":{"_acf_changed":false},"product_brand":[],"product_cat":[3028],"product_tag":[],"class_list":{"0":"post-260601","1":"product","2":"type-product","3":"status-publish","4":"has-post-thumbnail","6":"product_cat-bc-komarno","8":"first","9":"instock","10":"taxable","11":"shipping-taxable","12":"purchasable","13":"product-type-simple"},"acf":[],"_links":{"self":[{"href":"https:\/\/www.elvesport.com\/en\/wp-json\/wp\/v2\/product\/260601","targetHints":{"allow":["GET"]}}],"collection":[{"href":"https:\/\/www.elvesport.com\/en\/wp-json\/wp\/v2\/product"}],"about":[{"href":"https:\/\/www.elvesport.com\/en\/wp-json\/wp\/v2\/types\/product"}],"replies":[{"embeddable":true,"href":"https:\/\/www.elvesport.com\/en\/wp-json\/wp\/v2\/comments?post=260601"}],"version-history":[{"count":2,"href":"https:\/\/www.elvesport.com\/en\/wp-json\/wp\/v2\/product\/260601\/revisions"}],"predecessor-version":[{"id":260604,"href":"https:\/\/www.elvesport.com\/en\/wp-json\/wp\/v2\/product\/260601\/revisions\/260604"}],"wp:featuredmedia":[{"embeddable":true,"href":"https:\/\/www.elvesport.com\/en\/wp-json\/wp\/v2\/media\/260602"}],"wp:attachment":[{"href":"https:\/\/www.elvesport.com\/en\/wp-json\/wp\/v2\/media?parent=260601"}],"wp:term":[{"taxonomy":"product_brand","embeddable":true,"href":"https:\/\/www.elvesport.com\/en\/wp-json\/wp\/v2\/product_brand?post=260601"},{"taxonomy":"product_cat","embeddable":true,"href":"https:\/\/www.elvesport.com\/en\/wp-json\/wp\/v2\/product_cat?post=260601"},{"taxonomy":"product_tag","embeddable":true,"href":"https:\/\/www.elvesport.com\/en\/wp-json\/wp\/v2\/product_tag?post=260601"}],"curies":[{"name":"wp","href":"https:\/\/api.w.org\/{rel}","templated":true}]}}