{"id":261125,"date":"2024-07-27T12:09:46","date_gmt":"2024-07-27T10:09:46","guid":{"rendered":"https:\/\/www.elvesport.com\/?post_type=product&#038;p=261125"},"modified":"2024-08-14T12:54:46","modified_gmt":"2024-08-14T10:54:46","slug":"roll-top-ruksak-patrioti-levice","status":"publish","type":"product","link":"https:\/\/www.elvesport.com\/en\/roll-top-ruksak-patrioti-levice\/","title":{"rendered":"ROLL &#8211; TOP RUKSAK PATRIOTI LEVICE"},"content":{"rendered":"","protected":false},"excerpt":{"rendered":"<p>Roll &#8211; top ruksak ktor\u00fd vyu\u017e\u00edvaj\u00fa hr\u00e1\u010di Patrioti Levice.<\/p>\n<p>Tento \u0161t\u00fdlov\u00fd a funk\u010dn\u00fd ruksak je navrhnut\u00fd tak, aby sp\u013a\u0148al potreby modern\u00e9ho fan\u00fa\u0161ika a z\u00e1rove\u0148 v\u00fdrazne vystihoval v\u00e1\u0161 z\u00e1pal pre basketbal.<\/p>\n<p>Jeho roll-top dizajn umo\u017e\u0148uje prisp\u00f4sobi\u0165 ve\u013ekos\u0165 ruksaku pod\u013ea va\u0161ich potrieb. M\u00f4\u017eete ho zrolova\u0165, ke\u010f m\u00e1te menej vec\u00ed, alebo ho rozlo\u017ei\u0165, ke\u010f potrebujete viac miesta. To v\u00e1m umo\u017en\u00ed efekt\u00edvne organizova\u0165 a pren\u00e1\u0161a\u0165 svoje veci.<\/p>\n<p>Ruksak je vybaven\u00fd prie\u010dinkom na notebook, \u010do ho rob\u00ed ide\u00e1lnym spolo\u010dn\u00edkom do \u0161koly, pr\u00e1ce alebo na cesty. Va\u0161a technika bude v bezpe\u010d\u00ed a chr\u00e1nen\u00e1 pred po\u010das\u00edm a n\u00e1hodn\u00fdmi n\u00e1razmi.<\/p>\n<p>Navy\u0161e, ruksak m\u00e1 praktick\u00fd va\u010dok na zips v prednej \u010dasti, ktor\u00fd poskytuje \u013eahk\u00fd pr\u00edstup k va\u0161im drobnostiam a veciam, ktor\u00e9 chcete ma\u0165 r\u00fdchlo po ruke.<\/p>\n<p>Bu\u010fte pripraven\u00ed na ka\u017ed\u00fd z\u00e1pas a ka\u017ed\u00fd de\u0148 so \u0161t\u00fdlov\u00fdm a funk\u010dn\u00fdm ruksakom, ktor\u00fd je stvoren\u00fd pre prav\u00fdch fan\u00fa\u0161ikov.<\/p>\n","protected":false},"featured_media":261126,"comment_status":"closed","ping_status":"closed","template":"","meta":{"_acf_changed":false},"product_brand":[],"product_cat":[1158,2899,2610],"product_tag":[],"class_list":{"0":"post-261125","1":"product","2":"type-product","3":"status-publish","4":"has-post-thumbnail","6":"product_cat-fan-shop","7":"product_cat-basketbal","8":"product_cat-bk-patrioti-levice","10":"first","11":"onbackorder","12":"taxable","13":"shipping-taxable","14":"purchasable","15":"product-type-simple"},"acf":[],"_links":{"self":[{"href":"https:\/\/www.elvesport.com\/en\/wp-json\/wp\/v2\/product\/261125","targetHints":{"allow":["GET"]}}],"collection":[{"href":"https:\/\/www.elvesport.com\/en\/wp-json\/wp\/v2\/product"}],"about":[{"href":"https:\/\/www.elvesport.com\/en\/wp-json\/wp\/v2\/types\/product"}],"replies":[{"embeddable":true,"href":"https:\/\/www.elvesport.com\/en\/wp-json\/wp\/v2\/comments?post=261125"}],"version-history":[{"count":3,"href":"https:\/\/www.elvesport.com\/en\/wp-json\/wp\/v2\/product\/261125\/revisions"}],"predecessor-version":[{"id":265927,"href":"https:\/\/www.elvesport.com\/en\/wp-json\/wp\/v2\/product\/261125\/revisions\/265927"}],"wp:featuredmedia":[{"embeddable":true,"href":"https:\/\/www.elvesport.com\/en\/wp-json\/wp\/v2\/media\/261126"}],"wp:attachment":[{"href":"https:\/\/www.elvesport.com\/en\/wp-json\/wp\/v2\/media?parent=261125"}],"wp:term":[{"taxonomy":"product_brand","embeddable":true,"href":"https:\/\/www.elvesport.com\/en\/wp-json\/wp\/v2\/product_brand?post=261125"},{"taxonomy":"product_cat","embeddable":true,"href":"https:\/\/www.elvesport.com\/en\/wp-json\/wp\/v2\/product_cat?post=261125"},{"taxonomy":"product_tag","embeddable":true,"href":"https:\/\/www.elvesport.com\/en\/wp-json\/wp\/v2\/product_tag?post=261125"}],"curies":[{"name":"wp","href":"https:\/\/api.w.org\/{rel}","templated":true}]}}