{"id":261172,"date":"2023-10-04T15:31:12","date_gmt":"2023-10-04T13:31:12","guid":{"rendered":"https:\/\/www.elvesport.com\/?post_type=product&#038;p=261172"},"modified":"2025-10-23T14:45:31","modified_gmt":"2025-10-23T12:45:31","slug":"sean-zimna-ciapka-fk-lamac","status":"publish","type":"product","link":"https:\/\/www.elvesport.com\/en\/sean-zimna-ciapka-fk-lamac\/","title":{"rendered":"SEAN ZIMN\u00c1 \u010cIAPKA FK LAMA\u010c"},"content":{"rendered":"","protected":false},"excerpt":{"rendered":"<p>Obojstrann\u00e1 zimn\u00e1 \u010diapka v tmavomodrej a sivej kombin\u00e1cii<br \/>\nZlo\u017eenie : 100% polyester<\/p>\n","protected":false},"featured_media":301356,"comment_status":"closed","ping_status":"closed","template":"","meta":{"_acf_changed":false},"product_brand":[],"product_cat":[3029],"product_tag":[],"class_list":{"0":"post-261172","1":"product","2":"type-product","3":"status-publish","4":"has-post-thumbnail","6":"product_cat-fk-lamac","7":"pa_size-jr","8":"pa_size-sr","10":"first","11":"instock","12":"taxable","13":"shipping-taxable","14":"purchasable","15":"product-type-variable"},"acf":[],"_links":{"self":[{"href":"https:\/\/www.elvesport.com\/en\/wp-json\/wp\/v2\/product\/261172","targetHints":{"allow":["GET"]}}],"collection":[{"href":"https:\/\/www.elvesport.com\/en\/wp-json\/wp\/v2\/product"}],"about":[{"href":"https:\/\/www.elvesport.com\/en\/wp-json\/wp\/v2\/types\/product"}],"replies":[{"embeddable":true,"href":"https:\/\/www.elvesport.com\/en\/wp-json\/wp\/v2\/comments?post=261172"}],"version-history":[{"count":3,"href":"https:\/\/www.elvesport.com\/en\/wp-json\/wp\/v2\/product\/261172\/revisions"}],"predecessor-version":[{"id":301361,"href":"https:\/\/www.elvesport.com\/en\/wp-json\/wp\/v2\/product\/261172\/revisions\/301361"}],"wp:featuredmedia":[{"embeddable":true,"href":"https:\/\/www.elvesport.com\/en\/wp-json\/wp\/v2\/media\/301356"}],"wp:attachment":[{"href":"https:\/\/www.elvesport.com\/en\/wp-json\/wp\/v2\/media?parent=261172"}],"wp:term":[{"taxonomy":"product_brand","embeddable":true,"href":"https:\/\/www.elvesport.com\/en\/wp-json\/wp\/v2\/product_brand?post=261172"},{"taxonomy":"product_cat","embeddable":true,"href":"https:\/\/www.elvesport.com\/en\/wp-json\/wp\/v2\/product_cat?post=261172"},{"taxonomy":"product_tag","embeddable":true,"href":"https:\/\/www.elvesport.com\/en\/wp-json\/wp\/v2\/product_tag?post=261172"}],"curies":[{"name":"wp","href":"https:\/\/api.w.org\/{rel}","templated":true}]}}