{"id":261276,"date":"2023-10-06T18:05:10","date_gmt":"2023-10-06T16:05:10","guid":{"rendered":"https:\/\/www.elvesport.com\/?post_type=product&#038;p=261276"},"modified":"2025-01-10T11:35:29","modified_gmt":"2025-01-10T10:35:29","slug":"klucenka-piestanske-cajky","status":"publish","type":"product","link":"https:\/\/www.elvesport.com\/en\/klucenka-piestanske-cajky\/","title":{"rendered":"K\u013d\u00da\u010cENKA PIE\u0160TANSK\u00c9 \u010cAJKY"},"content":{"rendered":"","protected":false},"excerpt":{"rendered":"","protected":false},"featured_media":261249,"comment_status":"closed","ping_status":"closed","template":"","meta":{"_acf_changed":false},"product_brand":[],"product_cat":[3027],"product_tag":[],"class_list":{"0":"post-261276","1":"product","2":"type-product","3":"status-publish","4":"has-post-thumbnail","6":"product_cat-piestanske-cajky","8":"first","9":"instock","10":"taxable","11":"shipping-taxable","12":"purchasable","13":"product-type-simple"},"acf":[],"_links":{"self":[{"href":"https:\/\/www.elvesport.com\/en\/wp-json\/wp\/v2\/product\/261276","targetHints":{"allow":["GET"]}}],"collection":[{"href":"https:\/\/www.elvesport.com\/en\/wp-json\/wp\/v2\/product"}],"about":[{"href":"https:\/\/www.elvesport.com\/en\/wp-json\/wp\/v2\/types\/product"}],"replies":[{"embeddable":true,"href":"https:\/\/www.elvesport.com\/en\/wp-json\/wp\/v2\/comments?post=261276"}],"version-history":[{"count":1,"href":"https:\/\/www.elvesport.com\/en\/wp-json\/wp\/v2\/product\/261276\/revisions"}],"predecessor-version":[{"id":261277,"href":"https:\/\/www.elvesport.com\/en\/wp-json\/wp\/v2\/product\/261276\/revisions\/261277"}],"wp:featuredmedia":[{"embeddable":true,"href":"https:\/\/www.elvesport.com\/en\/wp-json\/wp\/v2\/media\/261249"}],"wp:attachment":[{"href":"https:\/\/www.elvesport.com\/en\/wp-json\/wp\/v2\/media?parent=261276"}],"wp:term":[{"taxonomy":"product_brand","embeddable":true,"href":"https:\/\/www.elvesport.com\/en\/wp-json\/wp\/v2\/product_brand?post=261276"},{"taxonomy":"product_cat","embeddable":true,"href":"https:\/\/www.elvesport.com\/en\/wp-json\/wp\/v2\/product_cat?post=261276"},{"taxonomy":"product_tag","embeddable":true,"href":"https:\/\/www.elvesport.com\/en\/wp-json\/wp\/v2\/product_tag?post=261276"}],"curies":[{"name":"wp","href":"https:\/\/api.w.org\/{rel}","templated":true}]}}