{"id":261291,"date":"2023-10-06T18:42:27","date_gmt":"2023-10-06T16:42:27","guid":{"rendered":"https:\/\/www.elvesport.com\/?post_type=product&#038;p=261291"},"modified":"2024-04-24T14:15:44","modified_gmt":"2024-04-24T12:15:44","slug":"siltovka-piestanske-cajky","status":"publish","type":"product","link":"https:\/\/www.elvesport.com\/en\/siltovka-piestanske-cajky\/","title":{"rendered":"\u0160ILTOVKA PIE\u0160TANSK\u00c9 \u010cAJKY"},"content":{"rendered":"<p>Ochr\u00e1\u0148te svoju hlavu pred slnkom a z\u00e1rove\u0148 vyjadrite svoju oddanos\u0165 Pie\u0161tansk\u00fdm \u010dajk\u00e1m touto \u0161iltovkou. Je vyroben\u00e1 s oh\u013eadom na pohodlie a \u0161t\u00fdl.<\/p>\n","protected":false},"excerpt":{"rendered":"<p>&nbsp;<\/p>\n<ul>\n<li>Univerz\u00e1lna ve\u013ekos\u0165 &#8211; nastavenie ve\u013ekosti na zadnej strane \u0161iltovky<\/li>\n<\/ul>\n","protected":false},"featured_media":261263,"comment_status":"closed","ping_status":"closed","template":"","meta":{"_acf_changed":false},"product_brand":[],"product_cat":[3027],"product_tag":[],"class_list":{"0":"post-261291","1":"product","2":"type-product","3":"status-publish","4":"has-post-thumbnail","6":"product_cat-piestanske-cajky","8":"first","9":"instock","10":"taxable","11":"shipping-taxable","12":"purchasable","13":"product-type-simple"},"acf":[],"_links":{"self":[{"href":"https:\/\/www.elvesport.com\/en\/wp-json\/wp\/v2\/product\/261291","targetHints":{"allow":["GET"]}}],"collection":[{"href":"https:\/\/www.elvesport.com\/en\/wp-json\/wp\/v2\/product"}],"about":[{"href":"https:\/\/www.elvesport.com\/en\/wp-json\/wp\/v2\/types\/product"}],"replies":[{"embeddable":true,"href":"https:\/\/www.elvesport.com\/en\/wp-json\/wp\/v2\/comments?post=261291"}],"version-history":[{"count":2,"href":"https:\/\/www.elvesport.com\/en\/wp-json\/wp\/v2\/product\/261291\/revisions"}],"predecessor-version":[{"id":261293,"href":"https:\/\/www.elvesport.com\/en\/wp-json\/wp\/v2\/product\/261291\/revisions\/261293"}],"wp:featuredmedia":[{"embeddable":true,"href":"https:\/\/www.elvesport.com\/en\/wp-json\/wp\/v2\/media\/261263"}],"wp:attachment":[{"href":"https:\/\/www.elvesport.com\/en\/wp-json\/wp\/v2\/media?parent=261291"}],"wp:term":[{"taxonomy":"product_brand","embeddable":true,"href":"https:\/\/www.elvesport.com\/en\/wp-json\/wp\/v2\/product_brand?post=261291"},{"taxonomy":"product_cat","embeddable":true,"href":"https:\/\/www.elvesport.com\/en\/wp-json\/wp\/v2\/product_cat?post=261291"},{"taxonomy":"product_tag","embeddable":true,"href":"https:\/\/www.elvesport.com\/en\/wp-json\/wp\/v2\/product_tag?post=261291"}],"curies":[{"name":"wp","href":"https:\/\/api.w.org\/{rel}","templated":true}]}}