{"id":261294,"date":"2023-10-06T18:49:55","date_gmt":"2023-10-06T16:49:55","guid":{"rendered":"https:\/\/www.elvesport.com\/?post_type=product&#038;p=261294"},"modified":"2024-04-22T10:05:13","modified_gmt":"2024-04-22T08:05:13","slug":"siltovka-flexfit-piestanske-cajky","status":"publish","type":"product","link":"https:\/\/www.elvesport.com\/en\/siltovka-flexfit-piestanske-cajky\/","title":{"rendered":"\u0160ILTOVKA FLEXFIT PIE\u0160TANSK\u00c9 \u010cAJKY"},"content":{"rendered":"","protected":false},"excerpt":{"rendered":"<ul>\n<li><strong>Pre spr\u00e1vny v\u00fdber ve\u013ekosti \u0161iltovky nezabudnite skontrolova\u0165 sprievodcu ve\u013ekos\u0165ami<\/strong><\/li>\n<\/ul>\n","protected":false},"featured_media":261262,"comment_status":"closed","ping_status":"closed","template":"","meta":{"_acf_changed":false},"product_brand":[],"product_cat":[3027],"product_tag":[],"class_list":{"0":"post-261294","1":"product","2":"type-product","3":"status-publish","4":"has-post-thumbnail","6":"product_cat-piestanske-cajky","7":"pa_color-tmavomodra","8":"pa_color-cierna","9":"pa_size-jr","10":"pa_size-xs-s","11":"pa_size-sm","12":"pa_size-lxl","13":"pa_size-xxl","15":"first","16":"instock","17":"taxable","18":"shipping-taxable","19":"purchasable","20":"product-type-variable"},"acf":[],"_links":{"self":[{"href":"https:\/\/www.elvesport.com\/en\/wp-json\/wp\/v2\/product\/261294","targetHints":{"allow":["GET"]}}],"collection":[{"href":"https:\/\/www.elvesport.com\/en\/wp-json\/wp\/v2\/product"}],"about":[{"href":"https:\/\/www.elvesport.com\/en\/wp-json\/wp\/v2\/types\/product"}],"replies":[{"embeddable":true,"href":"https:\/\/www.elvesport.com\/en\/wp-json\/wp\/v2\/comments?post=261294"}],"version-history":[{"count":4,"href":"https:\/\/www.elvesport.com\/en\/wp-json\/wp\/v2\/product\/261294\/revisions"}],"predecessor-version":[{"id":261311,"href":"https:\/\/www.elvesport.com\/en\/wp-json\/wp\/v2\/product\/261294\/revisions\/261311"}],"wp:featuredmedia":[{"embeddable":true,"href":"https:\/\/www.elvesport.com\/en\/wp-json\/wp\/v2\/media\/261262"}],"wp:attachment":[{"href":"https:\/\/www.elvesport.com\/en\/wp-json\/wp\/v2\/media?parent=261294"}],"wp:term":[{"taxonomy":"product_brand","embeddable":true,"href":"https:\/\/www.elvesport.com\/en\/wp-json\/wp\/v2\/product_brand?post=261294"},{"taxonomy":"product_cat","embeddable":true,"href":"https:\/\/www.elvesport.com\/en\/wp-json\/wp\/v2\/product_cat?post=261294"},{"taxonomy":"product_tag","embeddable":true,"href":"https:\/\/www.elvesport.com\/en\/wp-json\/wp\/v2\/product_tag?post=261294"}],"curies":[{"name":"wp","href":"https:\/\/api.w.org\/{rel}","templated":true}]}}