{"id":261349,"date":"2023-10-06T19:18:35","date_gmt":"2023-10-06T17:18:35","guid":{"rendered":"https:\/\/www.elvesport.com\/?post_type=product&#038;p=261349"},"modified":"2025-04-29T12:41:37","modified_gmt":"2025-04-29T10:41:37","slug":"mikina-seagulls-piestanske-cajky","status":"publish","type":"product","link":"https:\/\/www.elvesport.com\/en\/mikina-seagulls-piestanske-cajky\/","title":{"rendered":"MIKINA SEAGULLS PIE\u0160TANSK\u00c9 \u010cAJKY"},"content":{"rendered":"<ul>\n<li><strong>Univerz\u00e1lny Strih:<\/strong><\/li>\n<li>T\u00e1to mikina je navrhnut\u00e1 s oh\u013eadom na unisex strih, \u010do znamen\u00e1, \u017ee je vhodn\u00e1 pre v\u0161etk\u00fdch &#8211; bez oh\u013eadu na pohlavie<\/li>\n<li><strong>V\u00fdrazn\u00e9 Logo Klubu:<\/strong><\/li>\n<li>S potla\u010dou Pie\u0161tansk\u00e9 \u010dajky na prednej strane mikiny. Grafika je potla\u010den\u00e1 s vysokou kvalitou, \u010do zabezpe\u010duje jej dlhodob\u00fa trv\u00e1cnos\u0165.<\/li>\n<li><strong>Pohodlie po\u010das Ka\u017edodenn\u00fdch Aktiv\u00edt:<\/strong><\/li>\n<li>T\u00e1to mikina je vyroben\u00e1 z m\u00e4kkej ,ktor\u00e1 v\u00e1s udr\u017e\u00ed v teple po\u010das chladn\u00fdch dn\u00ed alebo jednoducho pri ka\u017edodennom nosen\u00ed.<\/li>\n<\/ul>\n","protected":false},"excerpt":{"rendered":"<ul>\n<li><strong>Mikina s logom Pie\u0161tansk\u00fdch \u010dajok\u00a0<\/strong><\/li>\n<li><strong>Pre spr\u00e1vny v\u00fdber ve\u013ekosti nezabudnite skontrolova\u0165 sprievodcu ve\u013ekos\u0165ami\u00a0<\/strong><\/li>\n<\/ul>\n","protected":false},"featured_media":261239,"comment_status":"closed","ping_status":"closed","template":"","meta":{"_acf_changed":false},"product_brand":[],"product_cat":[3027],"product_tag":[],"class_list":{"0":"post-261349","1":"product","2":"type-product","3":"status-publish","4":"has-post-thumbnail","6":"product_cat-piestanske-cajky","7":"pa_color-tmavomodra","8":"pa_size-xs","9":"pa_size-s","10":"pa_size-m","11":"pa_size-l","12":"pa_size-xl","13":"pa_size-2xl","14":"pa_size-3xl","15":"pa_size-4xl","17":"first","18":"instock","19":"sale","20":"taxable","21":"shipping-taxable","22":"purchasable","23":"product-type-variable"},"acf":[],"_links":{"self":[{"href":"https:\/\/www.elvesport.com\/en\/wp-json\/wp\/v2\/product\/261349","targetHints":{"allow":["GET"]}}],"collection":[{"href":"https:\/\/www.elvesport.com\/en\/wp-json\/wp\/v2\/product"}],"about":[{"href":"https:\/\/www.elvesport.com\/en\/wp-json\/wp\/v2\/types\/product"}],"replies":[{"embeddable":true,"href":"https:\/\/www.elvesport.com\/en\/wp-json\/wp\/v2\/comments?post=261349"}],"version-history":[{"count":2,"href":"https:\/\/www.elvesport.com\/en\/wp-json\/wp\/v2\/product\/261349\/revisions"}],"predecessor-version":[{"id":261359,"href":"https:\/\/www.elvesport.com\/en\/wp-json\/wp\/v2\/product\/261349\/revisions\/261359"}],"wp:featuredmedia":[{"embeddable":true,"href":"https:\/\/www.elvesport.com\/en\/wp-json\/wp\/v2\/media\/261239"}],"wp:attachment":[{"href":"https:\/\/www.elvesport.com\/en\/wp-json\/wp\/v2\/media?parent=261349"}],"wp:term":[{"taxonomy":"product_brand","embeddable":true,"href":"https:\/\/www.elvesport.com\/en\/wp-json\/wp\/v2\/product_brand?post=261349"},{"taxonomy":"product_cat","embeddable":true,"href":"https:\/\/www.elvesport.com\/en\/wp-json\/wp\/v2\/product_cat?post=261349"},{"taxonomy":"product_tag","embeddable":true,"href":"https:\/\/www.elvesport.com\/en\/wp-json\/wp\/v2\/product_tag?post=261349"}],"curies":[{"name":"wp","href":"https:\/\/api.w.org\/{rel}","templated":true}]}}