{"id":261724,"date":"2023-10-10T16:05:09","date_gmt":"2023-10-10T14:05:09","guid":{"rendered":"https:\/\/www.elvesport.com\/?post_type=product&#038;p=261724"},"modified":"2025-01-14T16:53:03","modified_gmt":"2025-01-14T15:53:03","slug":"vychadzkove-tricko-fk-lamac","status":"publish","type":"product","link":"https:\/\/www.elvesport.com\/en\/vychadzkove-tricko-fk-lamac\/","title":{"rendered":"VYCH\u00c1DZKOV\u00c9 TRI\u010cKO FK LAMA\u010c"},"content":{"rendered":"","protected":false},"excerpt":{"rendered":"<p>Vych\u00e1dzkov\u00e9 tri\u010dko FK LAMA\u010c s inici\u00e1lami a logom klubu<br \/>\nTri\u010dko je z rovnak\u00e9ho materi\u00e1lu ako tr\u00e9ningov\u00e9 tri\u010dko.<\/p>\n","protected":false},"featured_media":261725,"comment_status":"closed","ping_status":"closed","template":"","meta":{"_acf_changed":false},"product_brand":[],"product_cat":[3029],"product_tag":[],"class_list":{"0":"post-261724","1":"product","2":"type-product","3":"status-publish","4":"has-post-thumbnail","6":"product_cat-fk-lamac","7":"pa_color-biela","8":"pa_size-2yxs","9":"pa_size-yxs","10":"pa_size-xxs","11":"pa_size-xs","12":"pa_size-s","13":"pa_size-m","14":"pa_size-l","15":"pa_size-xl","16":"pa_size-xxl","18":"first","19":"instock","20":"taxable","21":"shipping-taxable","22":"purchasable","23":"product-type-variable"},"acf":[],"_links":{"self":[{"href":"https:\/\/www.elvesport.com\/en\/wp-json\/wp\/v2\/product\/261724","targetHints":{"allow":["GET"]}}],"collection":[{"href":"https:\/\/www.elvesport.com\/en\/wp-json\/wp\/v2\/product"}],"about":[{"href":"https:\/\/www.elvesport.com\/en\/wp-json\/wp\/v2\/types\/product"}],"replies":[{"embeddable":true,"href":"https:\/\/www.elvesport.com\/en\/wp-json\/wp\/v2\/comments?post=261724"}],"version-history":[{"count":2,"href":"https:\/\/www.elvesport.com\/en\/wp-json\/wp\/v2\/product\/261724\/revisions"}],"predecessor-version":[{"id":261735,"href":"https:\/\/www.elvesport.com\/en\/wp-json\/wp\/v2\/product\/261724\/revisions\/261735"}],"wp:featuredmedia":[{"embeddable":true,"href":"https:\/\/www.elvesport.com\/en\/wp-json\/wp\/v2\/media\/261725"}],"wp:attachment":[{"href":"https:\/\/www.elvesport.com\/en\/wp-json\/wp\/v2\/media?parent=261724"}],"wp:term":[{"taxonomy":"product_brand","embeddable":true,"href":"https:\/\/www.elvesport.com\/en\/wp-json\/wp\/v2\/product_brand?post=261724"},{"taxonomy":"product_cat","embeddable":true,"href":"https:\/\/www.elvesport.com\/en\/wp-json\/wp\/v2\/product_cat?post=261724"},{"taxonomy":"product_tag","embeddable":true,"href":"https:\/\/www.elvesport.com\/en\/wp-json\/wp\/v2\/product_tag?post=261724"}],"curies":[{"name":"wp","href":"https:\/\/api.w.org\/{rel}","templated":true}]}}