{"id":261930,"date":"2023-10-13T15:43:46","date_gmt":"2023-10-13T13:43:46","guid":{"rendered":"https:\/\/www.elvesport.com\/?post_type=product&#038;p=261930"},"modified":"2025-01-14T15:30:19","modified_gmt":"2025-01-14T14:30:19","slug":"termopradlo-academy-brama-fk-lamac","status":"publish","type":"product","link":"https:\/\/www.elvesport.com\/en\/termopradlo-academy-brama-fk-lamac\/","title":{"rendered":"TERMOPR\u00c1DLO ACADEMY BRAMA FK LAMA\u010c"},"content":{"rendered":"","protected":false},"excerpt":{"rendered":"<p>BRAMA ACADEMY termopr\u00e1dlo zna\u010dky JOMA s inici\u00e1lami.<\/p>\n","protected":false},"featured_media":261934,"comment_status":"closed","ping_status":"closed","template":"","meta":{"_acf_changed":false},"product_brand":[],"product_cat":[3029],"product_tag":[],"class_list":{"0":"post-261930","1":"product","2":"type-product","3":"status-publish","4":"has-post-thumbnail","6":"product_cat-fk-lamac","7":"pa_color-biela","8":"pa_color-modra","9":"pa_color-cierna","10":"pa_color-neonovozlta","11":"pa_color-tyrkysova","12":"pa_size-6xs-5xs","13":"pa_size-4xs-3xs","14":"pa_size-2xs-xs","15":"pa_size-sm","16":"pa_size-lxl","18":"first","19":"instock","20":"taxable","21":"shipping-taxable","22":"purchasable","23":"product-type-variable"},"acf":[],"_links":{"self":[{"href":"https:\/\/www.elvesport.com\/en\/wp-json\/wp\/v2\/product\/261930","targetHints":{"allow":["GET"]}}],"collection":[{"href":"https:\/\/www.elvesport.com\/en\/wp-json\/wp\/v2\/product"}],"about":[{"href":"https:\/\/www.elvesport.com\/en\/wp-json\/wp\/v2\/types\/product"}],"replies":[{"embeddable":true,"href":"https:\/\/www.elvesport.com\/en\/wp-json\/wp\/v2\/comments?post=261930"}],"version-history":[{"count":3,"href":"https:\/\/www.elvesport.com\/en\/wp-json\/wp\/v2\/product\/261930\/revisions"}],"predecessor-version":[{"id":263945,"href":"https:\/\/www.elvesport.com\/en\/wp-json\/wp\/v2\/product\/261930\/revisions\/263945"}],"wp:featuredmedia":[{"embeddable":true,"href":"https:\/\/www.elvesport.com\/en\/wp-json\/wp\/v2\/media\/261934"}],"wp:attachment":[{"href":"https:\/\/www.elvesport.com\/en\/wp-json\/wp\/v2\/media?parent=261930"}],"wp:term":[{"taxonomy":"product_brand","embeddable":true,"href":"https:\/\/www.elvesport.com\/en\/wp-json\/wp\/v2\/product_brand?post=261930"},{"taxonomy":"product_cat","embeddable":true,"href":"https:\/\/www.elvesport.com\/en\/wp-json\/wp\/v2\/product_cat?post=261930"},{"taxonomy":"product_tag","embeddable":true,"href":"https:\/\/www.elvesport.com\/en\/wp-json\/wp\/v2\/product_tag?post=261930"}],"curies":[{"name":"wp","href":"https:\/\/api.w.org\/{rel}","templated":true}]}}