{"id":265546,"date":"2024-04-09T12:29:59","date_gmt":"2024-04-09T10:29:59","guid":{"rendered":"https:\/\/www.elvesport.com\/?post_type=product&#038;p=265546"},"modified":"2025-01-10T15:41:34","modified_gmt":"2025-01-10T14:41:34","slug":"vychadzkove-tricko-desert-fc-slovan-hlohovec","status":"publish","type":"product","link":"https:\/\/www.elvesport.com\/en\/vychadzkove-tricko-desert-fc-slovan-hlohovec\/","title":{"rendered":"VYCH\u00c1DZKOV\u00c9 TRI\u010cKO DESERT FC SLOVAN HLOHOVEC"},"content":{"rendered":"","protected":false},"excerpt":{"rendered":"","protected":false},"featured_media":265562,"comment_status":"closed","ping_status":"closed","template":"","meta":{"_acf_changed":false},"product_brand":[],"product_cat":[3090],"product_tag":[],"class_list":{"0":"post-265546","1":"product","2":"type-product","3":"status-publish","4":"has-post-thumbnail","6":"product_cat-fc-slovan-hlohovec","7":"pa_color-fialova","8":"pa_size-7xs","9":"pa_size-6xs","10":"pa_size-5xs","11":"pa_size-4xs","12":"pa_size-3xs","13":"pa_size-2xs","14":"pa_size-xs","15":"pa_size-s","16":"pa_size-m","17":"pa_size-l","18":"pa_size-xl","19":"pa_size-2xl","20":"pa_size-3xl","22":"first","23":"instock","24":"taxable","25":"shipping-taxable","26":"purchasable","27":"product-type-variable"},"acf":[],"_links":{"self":[{"href":"https:\/\/www.elvesport.com\/en\/wp-json\/wp\/v2\/product\/265546","targetHints":{"allow":["GET"]}}],"collection":[{"href":"https:\/\/www.elvesport.com\/en\/wp-json\/wp\/v2\/product"}],"about":[{"href":"https:\/\/www.elvesport.com\/en\/wp-json\/wp\/v2\/types\/product"}],"replies":[{"embeddable":true,"href":"https:\/\/www.elvesport.com\/en\/wp-json\/wp\/v2\/comments?post=265546"}],"version-history":[{"count":3,"href":"https:\/\/www.elvesport.com\/en\/wp-json\/wp\/v2\/product\/265546\/revisions"}],"predecessor-version":[{"id":267515,"href":"https:\/\/www.elvesport.com\/en\/wp-json\/wp\/v2\/product\/265546\/revisions\/267515"}],"wp:featuredmedia":[{"embeddable":true,"href":"https:\/\/www.elvesport.com\/en\/wp-json\/wp\/v2\/media\/265562"}],"wp:attachment":[{"href":"https:\/\/www.elvesport.com\/en\/wp-json\/wp\/v2\/media?parent=265546"}],"wp:term":[{"taxonomy":"product_brand","embeddable":true,"href":"https:\/\/www.elvesport.com\/en\/wp-json\/wp\/v2\/product_brand?post=265546"},{"taxonomy":"product_cat","embeddable":true,"href":"https:\/\/www.elvesport.com\/en\/wp-json\/wp\/v2\/product_cat?post=265546"},{"taxonomy":"product_tag","embeddable":true,"href":"https:\/\/www.elvesport.com\/en\/wp-json\/wp\/v2\/product_tag?post=265546"}],"curies":[{"name":"wp","href":"https:\/\/api.w.org\/{rel}","templated":true}]}}