{"id":265733,"date":"2024-04-09T11:44:18","date_gmt":"2024-04-09T09:44:18","guid":{"rendered":"https:\/\/www.elvesport.com\/?post_type=product&#038;p=265733"},"modified":"2025-01-10T11:35:29","modified_gmt":"2025-01-10T10:35:29","slug":"snurka-na-kluce-fc-slovan-hlohovec","status":"publish","type":"product","link":"https:\/\/www.elvesport.com\/en\/snurka-na-kluce-fc-slovan-hlohovec\/","title":{"rendered":"\u0160N\u00daRKA NA KL\u00da\u010cE FC SLOVAN HLOHOVEC"},"content":{"rendered":"","protected":false},"excerpt":{"rendered":"","protected":false},"featured_media":265738,"comment_status":"closed","ping_status":"closed","template":"","meta":{"_acf_changed":false},"product_brand":[],"product_cat":[3090],"product_tag":[],"class_list":{"0":"post-265733","1":"product","2":"type-product","3":"status-publish","4":"has-post-thumbnail","6":"product_cat-fc-slovan-hlohovec","8":"first","9":"instock","10":"taxable","11":"shipping-taxable","12":"purchasable","13":"product-type-simple"},"acf":[],"_links":{"self":[{"href":"https:\/\/www.elvesport.com\/en\/wp-json\/wp\/v2\/product\/265733","targetHints":{"allow":["GET"]}}],"collection":[{"href":"https:\/\/www.elvesport.com\/en\/wp-json\/wp\/v2\/product"}],"about":[{"href":"https:\/\/www.elvesport.com\/en\/wp-json\/wp\/v2\/types\/product"}],"replies":[{"embeddable":true,"href":"https:\/\/www.elvesport.com\/en\/wp-json\/wp\/v2\/comments?post=265733"}],"version-history":[{"count":1,"href":"https:\/\/www.elvesport.com\/en\/wp-json\/wp\/v2\/product\/265733\/revisions"}],"predecessor-version":[{"id":265740,"href":"https:\/\/www.elvesport.com\/en\/wp-json\/wp\/v2\/product\/265733\/revisions\/265740"}],"wp:featuredmedia":[{"embeddable":true,"href":"https:\/\/www.elvesport.com\/en\/wp-json\/wp\/v2\/media\/265738"}],"wp:attachment":[{"href":"https:\/\/www.elvesport.com\/en\/wp-json\/wp\/v2\/media?parent=265733"}],"wp:term":[{"taxonomy":"product_brand","embeddable":true,"href":"https:\/\/www.elvesport.com\/en\/wp-json\/wp\/v2\/product_brand?post=265733"},{"taxonomy":"product_cat","embeddable":true,"href":"https:\/\/www.elvesport.com\/en\/wp-json\/wp\/v2\/product_cat?post=265733"},{"taxonomy":"product_tag","embeddable":true,"href":"https:\/\/www.elvesport.com\/en\/wp-json\/wp\/v2\/product_tag?post=265733"}],"curies":[{"name":"wp","href":"https:\/\/api.w.org\/{rel}","templated":true}]}}