{"id":265773,"date":"2024-04-09T12:04:41","date_gmt":"2024-04-09T10:04:41","guid":{"rendered":"https:\/\/www.elvesport.com\/?post_type=product&#038;p=265773"},"modified":"2026-05-07T11:06:51","modified_gmt":"2026-05-07T09:06:51","slug":"latkovy-sal-fc-slovan-hlohovec","status":"publish","type":"product","link":"https:\/\/www.elvesport.com\/en\/latkovy-sal-fc-slovan-hlohovec\/","title":{"rendered":"L\u00c1TKOV\u00dd \u0160\u00c1L FC SLOVAN HLOHOVEC"},"content":{"rendered":"","protected":false},"excerpt":{"rendered":"","protected":false},"featured_media":265737,"comment_status":"closed","ping_status":"closed","template":"","meta":{"_acf_changed":false},"product_brand":[],"product_cat":[3090],"product_tag":[],"class_list":{"0":"post-265773","1":"product","2":"type-product","3":"status-publish","4":"has-post-thumbnail","6":"product_cat-fc-slovan-hlohovec","8":"first","9":"instock","10":"sale","11":"taxable","12":"shipping-taxable","13":"purchasable","14":"product-type-simple"},"acf":[],"_links":{"self":[{"href":"https:\/\/www.elvesport.com\/en\/wp-json\/wp\/v2\/product\/265773","targetHints":{"allow":["GET"]}}],"collection":[{"href":"https:\/\/www.elvesport.com\/en\/wp-json\/wp\/v2\/product"}],"about":[{"href":"https:\/\/www.elvesport.com\/en\/wp-json\/wp\/v2\/types\/product"}],"replies":[{"embeddable":true,"href":"https:\/\/www.elvesport.com\/en\/wp-json\/wp\/v2\/comments?post=265773"}],"version-history":[{"count":1,"href":"https:\/\/www.elvesport.com\/en\/wp-json\/wp\/v2\/product\/265773\/revisions"}],"predecessor-version":[{"id":265774,"href":"https:\/\/www.elvesport.com\/en\/wp-json\/wp\/v2\/product\/265773\/revisions\/265774"}],"wp:featuredmedia":[{"embeddable":true,"href":"https:\/\/www.elvesport.com\/en\/wp-json\/wp\/v2\/media\/265737"}],"wp:attachment":[{"href":"https:\/\/www.elvesport.com\/en\/wp-json\/wp\/v2\/media?parent=265773"}],"wp:term":[{"taxonomy":"product_brand","embeddable":true,"href":"https:\/\/www.elvesport.com\/en\/wp-json\/wp\/v2\/product_brand?post=265773"},{"taxonomy":"product_cat","embeddable":true,"href":"https:\/\/www.elvesport.com\/en\/wp-json\/wp\/v2\/product_cat?post=265773"},{"taxonomy":"product_tag","embeddable":true,"href":"https:\/\/www.elvesport.com\/en\/wp-json\/wp\/v2\/product_tag?post=265773"}],"curies":[{"name":"wp","href":"https:\/\/api.w.org\/{rel}","templated":true}]}}