{"id":266173,"date":"2024-05-03T16:42:00","date_gmt":"2024-05-03T14:42:00","guid":{"rendered":"https:\/\/www.elvesport.com\/?post_type=product&#038;p=266173"},"modified":"2025-01-15T15:59:33","modified_gmt":"2025-01-15T14:59:33","slug":"pressing-treningova-sustakova-bunda-sk-tomasov","status":"publish","type":"product","link":"https:\/\/www.elvesport.com\/en\/pressing-treningova-sustakova-bunda-sk-tomasov\/","title":{"rendered":"PRESSING TR\u00c9NINGOV\u00c1 \u0160U\u0160\u0164\u00c1KOV\u00c1 BUNDA \u0160K TOM\u00c1\u0160OV"},"content":{"rendered":"","protected":false},"excerpt":{"rendered":"","protected":false},"featured_media":267469,"comment_status":"closed","ping_status":"closed","template":"","meta":{"_acf_changed":false},"product_brand":[],"product_cat":[3099],"product_tag":[],"class_list":{"0":"post-266173","1":"product","2":"type-product","3":"status-publish","4":"has-post-thumbnail","6":"product_cat-sk-tomasov","7":"pa_color-cierna","8":"pa_size-2yxs","9":"pa_size-yxs","10":"pa_size-xxs","11":"pa_size-xs","12":"pa_size-s","13":"pa_size-m","14":"pa_size-l","15":"pa_size-xl","16":"pa_size-2xl","17":"pa_size-3xl","19":"first","20":"instock","21":"taxable","22":"shipping-taxable","23":"purchasable","24":"product-type-variable"},"acf":[],"_links":{"self":[{"href":"https:\/\/www.elvesport.com\/en\/wp-json\/wp\/v2\/product\/266173","targetHints":{"allow":["GET"]}}],"collection":[{"href":"https:\/\/www.elvesport.com\/en\/wp-json\/wp\/v2\/product"}],"about":[{"href":"https:\/\/www.elvesport.com\/en\/wp-json\/wp\/v2\/types\/product"}],"replies":[{"embeddable":true,"href":"https:\/\/www.elvesport.com\/en\/wp-json\/wp\/v2\/comments?post=266173"}],"version-history":[{"count":1,"href":"https:\/\/www.elvesport.com\/en\/wp-json\/wp\/v2\/product\/266173\/revisions"}],"predecessor-version":[{"id":266175,"href":"https:\/\/www.elvesport.com\/en\/wp-json\/wp\/v2\/product\/266173\/revisions\/266175"}],"wp:featuredmedia":[{"embeddable":true,"href":"https:\/\/www.elvesport.com\/en\/wp-json\/wp\/v2\/media\/267469"}],"wp:attachment":[{"href":"https:\/\/www.elvesport.com\/en\/wp-json\/wp\/v2\/media?parent=266173"}],"wp:term":[{"taxonomy":"product_brand","embeddable":true,"href":"https:\/\/www.elvesport.com\/en\/wp-json\/wp\/v2\/product_brand?post=266173"},{"taxonomy":"product_cat","embeddable":true,"href":"https:\/\/www.elvesport.com\/en\/wp-json\/wp\/v2\/product_cat?post=266173"},{"taxonomy":"product_tag","embeddable":true,"href":"https:\/\/www.elvesport.com\/en\/wp-json\/wp\/v2\/product_tag?post=266173"}],"curies":[{"name":"wp","href":"https:\/\/api.w.org\/{rel}","templated":true}]}}