{"id":266210,"date":"2024-05-03T16:42:42","date_gmt":"2024-05-03T14:42:42","guid":{"rendered":"https:\/\/www.elvesport.com\/?post_type=product&#038;p=266210"},"modified":"2024-05-24T14:58:27","modified_gmt":"2024-05-24T12:58:27","slug":"treningove-tricko-polyester-sk-tomasov","status":"publish","type":"product","link":"https:\/\/www.elvesport.com\/en\/treningove-tricko-polyester-sk-tomasov\/","title":{"rendered":"TR\u00c9NINGOV\u00c9 TRI\u010cKO POLYESTER \u0160K TOM\u00c1\u0160OV"},"content":{"rendered":"","protected":false},"excerpt":{"rendered":"","protected":false},"featured_media":267098,"comment_status":"closed","ping_status":"closed","template":"","meta":{"_acf_changed":false},"product_brand":[],"product_cat":[3099],"product_tag":[],"class_list":{"0":"post-266210","1":"product","2":"type-product","3":"status-publish","4":"has-post-thumbnail","6":"product_cat-sk-tomasov","7":"pa_color-zelena","8":"pa_size-2yxs","9":"pa_size-yxs","10":"pa_size-xxs","11":"pa_size-xs","12":"pa_size-s","13":"pa_size-m","14":"pa_size-l","15":"pa_size-xl","16":"pa_size-2xl","17":"pa_size-3xl","19":"first","20":"instock","21":"taxable","22":"shipping-taxable","23":"purchasable","24":"product-type-variable"},"acf":[],"_links":{"self":[{"href":"https:\/\/www.elvesport.com\/en\/wp-json\/wp\/v2\/product\/266210","targetHints":{"allow":["GET"]}}],"collection":[{"href":"https:\/\/www.elvesport.com\/en\/wp-json\/wp\/v2\/product"}],"about":[{"href":"https:\/\/www.elvesport.com\/en\/wp-json\/wp\/v2\/types\/product"}],"replies":[{"embeddable":true,"href":"https:\/\/www.elvesport.com\/en\/wp-json\/wp\/v2\/comments?post=266210"}],"version-history":[{"count":1,"href":"https:\/\/www.elvesport.com\/en\/wp-json\/wp\/v2\/product\/266210\/revisions"}],"predecessor-version":[{"id":266217,"href":"https:\/\/www.elvesport.com\/en\/wp-json\/wp\/v2\/product\/266210\/revisions\/266217"}],"wp:featuredmedia":[{"embeddable":true,"href":"https:\/\/www.elvesport.com\/en\/wp-json\/wp\/v2\/media\/267098"}],"wp:attachment":[{"href":"https:\/\/www.elvesport.com\/en\/wp-json\/wp\/v2\/media?parent=266210"}],"wp:term":[{"taxonomy":"product_brand","embeddable":true,"href":"https:\/\/www.elvesport.com\/en\/wp-json\/wp\/v2\/product_brand?post=266210"},{"taxonomy":"product_cat","embeddable":true,"href":"https:\/\/www.elvesport.com\/en\/wp-json\/wp\/v2\/product_cat?post=266210"},{"taxonomy":"product_tag","embeddable":true,"href":"https:\/\/www.elvesport.com\/en\/wp-json\/wp\/v2\/product_tag?post=266210"}],"curies":[{"name":"wp","href":"https:\/\/api.w.org\/{rel}","templated":true}]}}