{"id":266452,"date":"2024-05-05T22:14:14","date_gmt":"2024-05-05T20:14:14","guid":{"rendered":"https:\/\/www.elvesport.com\/?post_type=product&#038;p=266452"},"modified":"2026-04-30T13:20:29","modified_gmt":"2026-04-30T11:20:29","slug":"dres-obojstranny-bronx-levice-team-vydry","status":"publish","type":"product","link":"https:\/\/www.elvesport.com\/en\/dres-obojstranny-bronx-levice-team-vydry\/","title":{"rendered":"OBOJSTRANN\u00dd DRES BRONX LEVICE &#8211; TEAM VYDRY"},"content":{"rendered":"","protected":false},"excerpt":{"rendered":"<p>\u0160peci\u00e1lny obojstrann\u00fd dres pre TEAM VYDRY, v grafike BRONX LEVICE.<\/p>\n<p><strong>V pr\u00edpade z\u00e1ujmu o dresy pre svoju partiu, v spolupr\u00e1ci s BRONX LEVICE, jednoducho n\u00e1s kontaktuje na na\u0161om maily elvesport@elvesport.com. Za grafick\u00e9 pr\u00e1ce NEPLAT\u00cdTE!<\/strong><\/p>\n<p>M\u00e1te mo\u017enos\u0165 zvoli\u0165 si farbu oboch str\u00e1n dresu, prida\u0165 svoje t\u00edmov\u00e9 logo (zadn\u00e1 \u010das\u0165 dresu na \u00b4\u00b4krku\u00b4\u00b4), navrhn\u00fa\u0165 si svoj t\u00edmov\u00fd n\u00e1pis umiestnen\u00fd vpredu dresov (prsia).<\/p>\n<p>N\u00e1sledne V\u00e1\u0161 hotov\u00fd n\u00e1vrh bude pridan\u00fd do MERCH kateg\u00f3riu BRONXU, hr\u00e1\u010di si ich m\u00f4\u017eu pohodlne objedna\u0165 a by\u0165 jednotn\u00fd na ka\u017edej akci\u00ed NIELEN BRONXU.<\/p>\n<p><span style=\"color: #ff0000;\">Z d\u00f4vodu bl\u00ed\u017eiaceho sa letn\u00e9ho eventu, bude pre t\u00edmov\u00e9 dresy aplikovan\u00fd deadline, aby sme v\u00e1m ich vedeli vyrobi\u0165 a doru\u010di\u0165 v\u010das :).<\/span><\/p>\n<p>&nbsp;<\/p>\n","protected":false},"featured_media":266460,"comment_status":"closed","ping_status":"closed","template":"","meta":{"_acf_changed":false},"product_brand":[],"product_cat":[3100],"product_tag":[],"class_list":{"0":"post-266452","1":"product","2":"type-product","3":"status-publish","4":"has-post-thumbnail","6":"product_cat-bronx","7":"pa_color-cierna_biela","8":"pa_size-s","9":"pa_size-m","10":"pa_size-l","11":"pa_size-xl","12":"pa_size-2xl","13":"pa_size-3xl","14":"pa_size-4xl","16":"first","17":"instock","18":"taxable","19":"shipping-taxable","20":"purchasable","21":"product-type-variable"},"acf":[],"_links":{"self":[{"href":"https:\/\/www.elvesport.com\/en\/wp-json\/wp\/v2\/product\/266452","targetHints":{"allow":["GET"]}}],"collection":[{"href":"https:\/\/www.elvesport.com\/en\/wp-json\/wp\/v2\/product"}],"about":[{"href":"https:\/\/www.elvesport.com\/en\/wp-json\/wp\/v2\/types\/product"}],"replies":[{"embeddable":true,"href":"https:\/\/www.elvesport.com\/en\/wp-json\/wp\/v2\/comments?post=266452"}],"version-history":[{"count":4,"href":"https:\/\/www.elvesport.com\/en\/wp-json\/wp\/v2\/product\/266452\/revisions"}],"predecessor-version":[{"id":266467,"href":"https:\/\/www.elvesport.com\/en\/wp-json\/wp\/v2\/product\/266452\/revisions\/266467"}],"wp:featuredmedia":[{"embeddable":true,"href":"https:\/\/www.elvesport.com\/en\/wp-json\/wp\/v2\/media\/266460"}],"wp:attachment":[{"href":"https:\/\/www.elvesport.com\/en\/wp-json\/wp\/v2\/media?parent=266452"}],"wp:term":[{"taxonomy":"product_brand","embeddable":true,"href":"https:\/\/www.elvesport.com\/en\/wp-json\/wp\/v2\/product_brand?post=266452"},{"taxonomy":"product_cat","embeddable":true,"href":"https:\/\/www.elvesport.com\/en\/wp-json\/wp\/v2\/product_cat?post=266452"},{"taxonomy":"product_tag","embeddable":true,"href":"https:\/\/www.elvesport.com\/en\/wp-json\/wp\/v2\/product_tag?post=266452"}],"curies":[{"name":"wp","href":"https:\/\/api.w.org\/{rel}","templated":true}]}}