{"id":267922,"date":"2024-07-24T15:29:53","date_gmt":"2024-07-24T13:29:53","guid":{"rendered":"https:\/\/www.elvesport.com\/?post_type=product&#038;p=267922"},"modified":"2024-07-24T15:29:54","modified_gmt":"2024-07-24T13:29:54","slug":"reboots-go-pants-regeneracne-nohavice","status":"publish","type":"product","link":"https:\/\/www.elvesport.com\/en\/reboots-go-pants-regeneracne-nohavice\/","title":{"rendered":"REBOOTS GO PANTS regenera\u010dn\u00e9 nohavice"},"content":{"rendered":"<div class=\"et_pb_module et_pb_text et_pb_text_2 et_pb_text_align_left et_pb_bg_layout_light\">\n<div class=\"et_pb_text_inner\">\n<p><strong>Reboots Go Pants<\/strong>\u00a0pracuj\u00fa rovnako ako Reboots GO, s t\u00fdm rozdielom, \u017ee piata a \u0161iesta komora pokr\u00fdvaj\u00fa aj sedacie svaly. T\u00fdm dosiahnete maxim\u00e1lny regenera\u010dn\u00fd efekt na nohy a zadok. K dispoz\u00edcii je jedna origin\u00e1lna ve\u013ekos\u0165 nohav\u00edc, ktor\u00e1 je vhodn\u00e1 pre \u013eud\u00ed s telesnou v\u00fd\u0161kou od 160cm \u2013 190cm.<\/p>\n<p><strong>Celoplo\u0161n\u00e1 kompresia pom\u00e1ha na\u0161im noh\u00e1m vo vysokej miere odstr\u00e1ni\u0165 nahromaden\u00e9 produkty metabolizmu po\u010das \u0161portovej aktivity, ktor\u00e9 negat\u00edvne ovplyv\u0148uj\u00fa regener\u00e1ciu. Vplyvom kompresie na unaven\u00e9 svaly zni\u017eujeme nap\u00e4tie, boles\u0165 svalov a\u00a0zvy\u0161ujeme mobilitu. \u010cast\u00fdm pou\u017e\u00edvan\u00edm Reboots v\u00fdrazne okysli\u010d\u00edme a\u00a0prekrv\u00edme organizmus ako celok a\u00a0pri dodr\u017eiavan\u00ed kvalitn\u00e9ho pitn\u00e9ho re\u017eimu docielime aj v\u00fdznamn\u00fd detoxika\u010dn\u00fd \u00fa\u010dinok.<\/strong><\/p>\n<\/div>\n<\/div>\n<div class=\"et_pb_module et_pb_text et_pb_text_3 et_pb_text_align_left et_pb_bg_layout_light\">\n<div class=\"et_pb_text_inner\">\n<p><strong>REBOOTS GO PANTS<\/strong>\u00a0\u2013\u00a0Va\u0161a prenosn\u00e1 tajn\u00e1 zbra\u0148 proti \u00fanave a bolesti n\u00f4h.<\/p>\n<\/div>\n<\/div>\n","protected":false},"excerpt":{"rendered":"<h3><strong>Ve\u013ekos\u0165 UNI size \u2013 vn\u00fatorn\u00e1 d\u013a\u017eka nohy a\u017e do 99 cm.<\/strong><\/h3>\n","protected":false},"featured_media":267923,"comment_status":"closed","ping_status":"closed","template":"","meta":{"_acf_changed":false},"product_brand":[],"product_cat":[3118],"product_tag":[],"class_list":{"0":"post-267922","1":"product","2":"type-product","3":"status-publish","4":"has-post-thumbnail","6":"product_cat-reboots","8":"first","9":"instock","10":"taxable","11":"shipping-taxable","12":"purchasable","13":"product-type-simple"},"acf":[],"_links":{"self":[{"href":"https:\/\/www.elvesport.com\/en\/wp-json\/wp\/v2\/product\/267922","targetHints":{"allow":["GET"]}}],"collection":[{"href":"https:\/\/www.elvesport.com\/en\/wp-json\/wp\/v2\/product"}],"about":[{"href":"https:\/\/www.elvesport.com\/en\/wp-json\/wp\/v2\/types\/product"}],"replies":[{"embeddable":true,"href":"https:\/\/www.elvesport.com\/en\/wp-json\/wp\/v2\/comments?post=267922"}],"version-history":[{"count":1,"href":"https:\/\/www.elvesport.com\/en\/wp-json\/wp\/v2\/product\/267922\/revisions"}],"predecessor-version":[{"id":267929,"href":"https:\/\/www.elvesport.com\/en\/wp-json\/wp\/v2\/product\/267922\/revisions\/267929"}],"wp:featuredmedia":[{"embeddable":true,"href":"https:\/\/www.elvesport.com\/en\/wp-json\/wp\/v2\/media\/267923"}],"wp:attachment":[{"href":"https:\/\/www.elvesport.com\/en\/wp-json\/wp\/v2\/media?parent=267922"}],"wp:term":[{"taxonomy":"product_brand","embeddable":true,"href":"https:\/\/www.elvesport.com\/en\/wp-json\/wp\/v2\/product_brand?post=267922"},{"taxonomy":"product_cat","embeddable":true,"href":"https:\/\/www.elvesport.com\/en\/wp-json\/wp\/v2\/product_cat?post=267922"},{"taxonomy":"product_tag","embeddable":true,"href":"https:\/\/www.elvesport.com\/en\/wp-json\/wp\/v2\/product_tag?post=267922"}],"curies":[{"name":"wp","href":"https:\/\/api.w.org\/{rel}","templated":true}]}}