{"id":268360,"date":"2024-07-31T10:52:11","date_gmt":"2024-07-31T08:52:11","guid":{"rendered":"https:\/\/www.elvesport.com\/?post_type=product&#038;p=268360"},"modified":"2025-06-18T11:00:42","modified_gmt":"2025-06-18T09:00:42","slug":"detska-mikina-s-kapucnou-patrioti-levice-24","status":"publish","type":"product","link":"https:\/\/www.elvesport.com\/en\/detska-mikina-s-kapucnou-patrioti-levice-24\/","title":{"rendered":"DETSK\u00c1 MIKINA S KAPUC\u0147OU PATRIOTI LEVICE 24"},"content":{"rendered":"","protected":false},"excerpt":{"rendered":"<ul>\n<li>VE\u013dKOS\u0164\u00a0<strong>3YXS<\/strong>\u00a0prin\u00e1le\u017e\u00ed 3 a\u017e 4 ro\u010dn\u00e9mu die\u0165a\u0165u<\/li>\n<li>VE\u013dKOS\u0164<strong>\u00a02YXS<\/strong>\u00a0prin\u00e1le\u017e\u00ed 5 a\u017e 6 ro\u010dn\u00e9mu die\u0165a\u0165u<\/li>\n<li>VE\u013dKOS\u0164\u00a0<strong>YXS<\/strong>\u00a0prin\u00e1le\u017e\u00ed 7 a\u017e 8 ro\u010dn\u00e9mu die\u0165a\u0165u<\/li>\n<li>VE\u013dKOS\u0164\u00a0<strong>XXS<\/strong> prin\u00e1le\u017e\u00ed 9 a\u017e 11 ro\u010dn\u00e9mu die\u0165a\u0165u<\/li>\n<li>VE\u013dKOS\u0164 <strong>XS<\/strong> prin\u00e1le\u017e\u00ed 12 ro\u010dn\u00e9mu die\u0165a\u0165u<\/li>\n<\/ul>\n","protected":false},"featured_media":268369,"comment_status":"closed","ping_status":"closed","template":"","meta":{"_acf_changed":false},"product_brand":[],"product_cat":[2610],"product_tag":[],"class_list":{"0":"post-268360","1":"product","2":"type-product","3":"status-publish","4":"has-post-thumbnail","6":"product_cat-bk-patrioti-levice","7":"pa_color-melange-siva","8":"pa_color-zelena","9":"pa_size-3yxs","10":"pa_size-2yxs","11":"pa_size-yxs","12":"pa_size-xxs","13":"pa_size-xs","15":"first","16":"instock","17":"taxable","18":"shipping-taxable","19":"purchasable","20":"product-type-variable"},"acf":[],"_links":{"self":[{"href":"https:\/\/www.elvesport.com\/en\/wp-json\/wp\/v2\/product\/268360","targetHints":{"allow":["GET"]}}],"collection":[{"href":"https:\/\/www.elvesport.com\/en\/wp-json\/wp\/v2\/product"}],"about":[{"href":"https:\/\/www.elvesport.com\/en\/wp-json\/wp\/v2\/types\/product"}],"replies":[{"embeddable":true,"href":"https:\/\/www.elvesport.com\/en\/wp-json\/wp\/v2\/comments?post=268360"}],"version-history":[{"count":5,"href":"https:\/\/www.elvesport.com\/en\/wp-json\/wp\/v2\/product\/268360\/revisions"}],"predecessor-version":[{"id":274802,"href":"https:\/\/www.elvesport.com\/en\/wp-json\/wp\/v2\/product\/268360\/revisions\/274802"}],"wp:featuredmedia":[{"embeddable":true,"href":"https:\/\/www.elvesport.com\/en\/wp-json\/wp\/v2\/media\/268369"}],"wp:attachment":[{"href":"https:\/\/www.elvesport.com\/en\/wp-json\/wp\/v2\/media?parent=268360"}],"wp:term":[{"taxonomy":"product_brand","embeddable":true,"href":"https:\/\/www.elvesport.com\/en\/wp-json\/wp\/v2\/product_brand?post=268360"},{"taxonomy":"product_cat","embeddable":true,"href":"https:\/\/www.elvesport.com\/en\/wp-json\/wp\/v2\/product_cat?post=268360"},{"taxonomy":"product_tag","embeddable":true,"href":"https:\/\/www.elvesport.com\/en\/wp-json\/wp\/v2\/product_tag?post=268360"}],"curies":[{"name":"wp","href":"https:\/\/api.w.org\/{rel}","templated":true}]}}