{"id":270322,"date":"2022-10-23T16:25:04","date_gmt":"2022-10-23T14:25:04","guid":{"rendered":"https:\/\/www.elvesport.com\/?post_type=product&#038;p=270322"},"modified":"2024-11-07T16:18:24","modified_gmt":"2024-11-07T15:18:24","slug":"steel-hracske-rukavice-sk-vrakuna","status":"publish","type":"product","link":"https:\/\/www.elvesport.com\/en\/steel-hracske-rukavice-sk-vrakuna\/","title":{"rendered":"STEEL HR\u00c1\u010cSKE RUKAVICE \u0160K VRAKU\u0147A"},"content":{"rendered":"","protected":false},"excerpt":{"rendered":"<p>Zimn\u00e9 rukavice zna\u010dky Errea, silik\u00f3nov\u00e9 p\u00e1siky z vn\u00fatornej strany rukav\u00edc,\u00a0 zabra\u0148uj\u00fa vy\u0161myknutiu lopty.<\/p>\n","protected":false},"featured_media":269387,"comment_status":"closed","ping_status":"closed","template":"","meta":{"_acf_changed":false},"product_brand":[],"product_cat":[2871],"product_tag":[],"class_list":{"0":"post-270322","1":"product","2":"type-product","3":"status-publish","4":"has-post-thumbnail","6":"product_cat-sk-vrakuna","7":"pa_size-1635","8":"pa_size-1661","9":"pa_size-1663","10":"pa_size-1665","11":"pa_size-1667","12":"pa_size-1669","13":"pa_size-1671","15":"first","16":"instock","17":"taxable","18":"shipping-taxable","19":"purchasable","20":"product-type-variable"},"acf":[],"_links":{"self":[{"href":"https:\/\/www.elvesport.com\/en\/wp-json\/wp\/v2\/product\/270322","targetHints":{"allow":["GET"]}}],"collection":[{"href":"https:\/\/www.elvesport.com\/en\/wp-json\/wp\/v2\/product"}],"about":[{"href":"https:\/\/www.elvesport.com\/en\/wp-json\/wp\/v2\/types\/product"}],"replies":[{"embeddable":true,"href":"https:\/\/www.elvesport.com\/en\/wp-json\/wp\/v2\/comments?post=270322"}],"version-history":[{"count":4,"href":"https:\/\/www.elvesport.com\/en\/wp-json\/wp\/v2\/product\/270322\/revisions"}],"predecessor-version":[{"id":270328,"href":"https:\/\/www.elvesport.com\/en\/wp-json\/wp\/v2\/product\/270322\/revisions\/270328"}],"wp:featuredmedia":[{"embeddable":true,"href":"https:\/\/www.elvesport.com\/en\/wp-json\/wp\/v2\/media\/269387"}],"wp:attachment":[{"href":"https:\/\/www.elvesport.com\/en\/wp-json\/wp\/v2\/media?parent=270322"}],"wp:term":[{"taxonomy":"product_brand","embeddable":true,"href":"https:\/\/www.elvesport.com\/en\/wp-json\/wp\/v2\/product_brand?post=270322"},{"taxonomy":"product_cat","embeddable":true,"href":"https:\/\/www.elvesport.com\/en\/wp-json\/wp\/v2\/product_cat?post=270322"},{"taxonomy":"product_tag","embeddable":true,"href":"https:\/\/www.elvesport.com\/en\/wp-json\/wp\/v2\/product_tag?post=270322"}],"curies":[{"name":"wp","href":"https:\/\/api.w.org\/{rel}","templated":true}]}}