{"id":270338,"date":"2024-10-25T11:30:33","date_gmt":"2024-10-25T09:30:33","guid":{"rendered":"https:\/\/www.elvesport.com\/?post_type=product&#038;p=270338"},"modified":"2025-05-26T14:35:50","modified_gmt":"2025-05-26T12:35:50","slug":"tricko-ls-patrioti-levice-24","status":"publish","type":"product","link":"https:\/\/www.elvesport.com\/en\/tricko-ls-patrioti-levice-24\/","title":{"rendered":"TRI\u010cKO K359 PATRIOTI LEVICE 24"},"content":{"rendered":"<p>Bavlnen\u00e9 tri\u010dko s dlh\u00fdm ruk\u00e1vom.<\/p>\n","protected":false},"excerpt":{"rendered":"<p>Bavlnen\u00e9 tri\u010dko s dlh\u00fdm ruk\u00e1vom.<\/p>\n","protected":false},"featured_media":270344,"comment_status":"closed","ping_status":"closed","template":"","meta":{"_acf_changed":false},"product_brand":[],"product_cat":[2610],"product_tag":[],"class_list":{"0":"post-270338","1":"product","2":"type-product","3":"status-publish","4":"has-post-thumbnail","6":"product_cat-bk-patrioti-levice","7":"pa_color-melange-siva","8":"pa_color-tmavozelena","9":"pa_material-100-algodon","10":"pa_size-s","11":"pa_size-m","12":"pa_size-l","13":"pa_size-xl","14":"pa_size-2xl","15":"pa_size-3xl","17":"first","18":"instock","19":"sale","20":"taxable","21":"shipping-taxable","22":"purchasable","23":"product-type-variable"},"acf":[],"_links":{"self":[{"href":"https:\/\/www.elvesport.com\/en\/wp-json\/wp\/v2\/product\/270338","targetHints":{"allow":["GET"]}}],"collection":[{"href":"https:\/\/www.elvesport.com\/en\/wp-json\/wp\/v2\/product"}],"about":[{"href":"https:\/\/www.elvesport.com\/en\/wp-json\/wp\/v2\/types\/product"}],"replies":[{"embeddable":true,"href":"https:\/\/www.elvesport.com\/en\/wp-json\/wp\/v2\/comments?post=270338"}],"version-history":[{"count":3,"href":"https:\/\/www.elvesport.com\/en\/wp-json\/wp\/v2\/product\/270338\/revisions"}],"predecessor-version":[{"id":270386,"href":"https:\/\/www.elvesport.com\/en\/wp-json\/wp\/v2\/product\/270338\/revisions\/270386"}],"wp:featuredmedia":[{"embeddable":true,"href":"https:\/\/www.elvesport.com\/en\/wp-json\/wp\/v2\/media\/270344"}],"wp:attachment":[{"href":"https:\/\/www.elvesport.com\/en\/wp-json\/wp\/v2\/media?parent=270338"}],"wp:term":[{"taxonomy":"product_brand","embeddable":true,"href":"https:\/\/www.elvesport.com\/en\/wp-json\/wp\/v2\/product_brand?post=270338"},{"taxonomy":"product_cat","embeddable":true,"href":"https:\/\/www.elvesport.com\/en\/wp-json\/wp\/v2\/product_cat?post=270338"},{"taxonomy":"product_tag","embeddable":true,"href":"https:\/\/www.elvesport.com\/en\/wp-json\/wp\/v2\/product_tag?post=270338"}],"curies":[{"name":"wp","href":"https:\/\/api.w.org\/{rel}","templated":true}]}}