{"id":270431,"date":"2024-10-25T15:55:57","date_gmt":"2024-10-25T13:55:57","guid":{"rendered":"https:\/\/www.elvesport.com\/?post_type=product&#038;p=270431"},"modified":"2024-10-25T15:55:58","modified_gmt":"2024-10-25T13:55:58","slug":"siltovka-trucker-02-hk-duslo-sala","status":"publish","type":"product","link":"https:\/\/www.elvesport.com\/en\/siltovka-trucker-02-hk-duslo-sala\/","title":{"rendered":"\u0160ILTOVKA TRUCKER 02 HK DUSLO \u0160A\u013dA"},"content":{"rendered":"","protected":false},"excerpt":{"rendered":"","protected":false},"featured_media":270395,"comment_status":"closed","ping_status":"closed","template":"","meta":{"_acf_changed":false},"product_brand":[],"product_cat":[3127],"product_tag":[],"class_list":{"0":"post-270431","1":"product","2":"type-product","3":"status-publish","4":"has-post-thumbnail","6":"product_cat-hk-slovan-duslo-sala","8":"first","9":"instock","10":"taxable","11":"shipping-taxable","12":"purchasable","13":"product-type-simple"},"acf":[],"_links":{"self":[{"href":"https:\/\/www.elvesport.com\/en\/wp-json\/wp\/v2\/product\/270431","targetHints":{"allow":["GET"]}}],"collection":[{"href":"https:\/\/www.elvesport.com\/en\/wp-json\/wp\/v2\/product"}],"about":[{"href":"https:\/\/www.elvesport.com\/en\/wp-json\/wp\/v2\/types\/product"}],"replies":[{"embeddable":true,"href":"https:\/\/www.elvesport.com\/en\/wp-json\/wp\/v2\/comments?post=270431"}],"version-history":[{"count":1,"href":"https:\/\/www.elvesport.com\/en\/wp-json\/wp\/v2\/product\/270431\/revisions"}],"predecessor-version":[{"id":270432,"href":"https:\/\/www.elvesport.com\/en\/wp-json\/wp\/v2\/product\/270431\/revisions\/270432"}],"wp:featuredmedia":[{"embeddable":true,"href":"https:\/\/www.elvesport.com\/en\/wp-json\/wp\/v2\/media\/270395"}],"wp:attachment":[{"href":"https:\/\/www.elvesport.com\/en\/wp-json\/wp\/v2\/media?parent=270431"}],"wp:term":[{"taxonomy":"product_brand","embeddable":true,"href":"https:\/\/www.elvesport.com\/en\/wp-json\/wp\/v2\/product_brand?post=270431"},{"taxonomy":"product_cat","embeddable":true,"href":"https:\/\/www.elvesport.com\/en\/wp-json\/wp\/v2\/product_cat?post=270431"},{"taxonomy":"product_tag","embeddable":true,"href":"https:\/\/www.elvesport.com\/en\/wp-json\/wp\/v2\/product_tag?post=270431"}],"curies":[{"name":"wp","href":"https:\/\/api.w.org\/{rel}","templated":true}]}}