{"id":270530,"date":"2024-10-25T16:44:35","date_gmt":"2024-10-25T14:44:35","guid":{"rendered":"https:\/\/www.elvesport.com\/?post_type=product&#038;p=270530"},"modified":"2024-10-25T16:45:06","modified_gmt":"2024-10-25T14:45:06","slug":"originalny-zapasovy-dres-hostia-hk-duslo-sala","status":"publish","type":"product","link":"https:\/\/www.elvesport.com\/en\/originalny-zapasovy-dres-hostia-hk-duslo-sala\/","title":{"rendered":"ORIGIN\u00c1LNY Z\u00c1PASOV\u00dd DRES HOSTIA HK DUSLO \u0160A\u013dA"},"content":{"rendered":"","protected":false},"excerpt":{"rendered":"","protected":false},"featured_media":270404,"comment_status":"closed","ping_status":"closed","template":"","meta":{"_acf_changed":false},"product_brand":[],"product_cat":[3127],"product_tag":[],"class_list":{"0":"post-270530","1":"product","2":"type-product","3":"status-publish","4":"has-post-thumbnail","6":"product_cat-hk-slovan-duslo-sala","7":"pa_size-xs","8":"pa_size-s","9":"pa_size-m","10":"pa_size-l","11":"pa_size-xl","12":"pa_size-2xl","13":"pa_znacka-joma","15":"first","16":"instock","17":"taxable","18":"shipping-taxable","19":"purchasable","20":"product-type-variable"},"acf":[],"_links":{"self":[{"href":"https:\/\/www.elvesport.com\/en\/wp-json\/wp\/v2\/product\/270530","targetHints":{"allow":["GET"]}}],"collection":[{"href":"https:\/\/www.elvesport.com\/en\/wp-json\/wp\/v2\/product"}],"about":[{"href":"https:\/\/www.elvesport.com\/en\/wp-json\/wp\/v2\/types\/product"}],"replies":[{"embeddable":true,"href":"https:\/\/www.elvesport.com\/en\/wp-json\/wp\/v2\/comments?post=270530"}],"version-history":[{"count":1,"href":"https:\/\/www.elvesport.com\/en\/wp-json\/wp\/v2\/product\/270530\/revisions"}],"predecessor-version":[{"id":270537,"href":"https:\/\/www.elvesport.com\/en\/wp-json\/wp\/v2\/product\/270530\/revisions\/270537"}],"wp:featuredmedia":[{"embeddable":true,"href":"https:\/\/www.elvesport.com\/en\/wp-json\/wp\/v2\/media\/270404"}],"wp:attachment":[{"href":"https:\/\/www.elvesport.com\/en\/wp-json\/wp\/v2\/media?parent=270530"}],"wp:term":[{"taxonomy":"product_brand","embeddable":true,"href":"https:\/\/www.elvesport.com\/en\/wp-json\/wp\/v2\/product_brand?post=270530"},{"taxonomy":"product_cat","embeddable":true,"href":"https:\/\/www.elvesport.com\/en\/wp-json\/wp\/v2\/product_cat?post=270530"},{"taxonomy":"product_tag","embeddable":true,"href":"https:\/\/www.elvesport.com\/en\/wp-json\/wp\/v2\/product_tag?post=270530"}],"curies":[{"name":"wp","href":"https:\/\/api.w.org\/{rel}","templated":true}]}}