{"id":270590,"date":"2022-10-31T09:25:41","date_gmt":"2022-10-31T08:25:41","guid":{"rendered":"https:\/\/www.elvesport.com\/?post_type=product&#038;p=270590"},"modified":"2025-01-14T16:06:45","modified_gmt":"2025-01-14T15:06:45","slug":"jumar-fleesovy-golier-sk-vrakuna","status":"publish","type":"product","link":"https:\/\/www.elvesport.com\/en\/jumar-fleesovy-golier-sk-vrakuna\/","title":{"rendered":"JUMAR FLEESOV\u00dd GOLIER \u0160K VRAKU\u0147A"},"content":{"rendered":"","protected":false},"excerpt":{"rendered":"","protected":false},"featured_media":270592,"comment_status":"closed","ping_status":"closed","template":"","meta":{"_acf_changed":false},"product_brand":[],"product_cat":[2871],"product_tag":[],"class_list":{"0":"post-270590","1":"product","2":"type-product","3":"status-publish","4":"has-post-thumbnail","6":"product_cat-sk-vrakuna","7":"pa_size-jr","8":"pa_size-sr","9":"pa_znacka-errea","11":"first","12":"instock","13":"taxable","14":"shipping-taxable","15":"purchasable","16":"product-type-variable"},"acf":[],"_links":{"self":[{"href":"https:\/\/www.elvesport.com\/en\/wp-json\/wp\/v2\/product\/270590","targetHints":{"allow":["GET"]}}],"collection":[{"href":"https:\/\/www.elvesport.com\/en\/wp-json\/wp\/v2\/product"}],"about":[{"href":"https:\/\/www.elvesport.com\/en\/wp-json\/wp\/v2\/types\/product"}],"replies":[{"embeddable":true,"href":"https:\/\/www.elvesport.com\/en\/wp-json\/wp\/v2\/comments?post=270590"}],"version-history":[{"count":1,"href":"https:\/\/www.elvesport.com\/en\/wp-json\/wp\/v2\/product\/270590\/revisions"}],"predecessor-version":[{"id":270595,"href":"https:\/\/www.elvesport.com\/en\/wp-json\/wp\/v2\/product\/270590\/revisions\/270595"}],"wp:featuredmedia":[{"embeddable":true,"href":"https:\/\/www.elvesport.com\/en\/wp-json\/wp\/v2\/media\/270592"}],"wp:attachment":[{"href":"https:\/\/www.elvesport.com\/en\/wp-json\/wp\/v2\/media?parent=270590"}],"wp:term":[{"taxonomy":"product_brand","embeddable":true,"href":"https:\/\/www.elvesport.com\/en\/wp-json\/wp\/v2\/product_brand?post=270590"},{"taxonomy":"product_cat","embeddable":true,"href":"https:\/\/www.elvesport.com\/en\/wp-json\/wp\/v2\/product_cat?post=270590"},{"taxonomy":"product_tag","embeddable":true,"href":"https:\/\/www.elvesport.com\/en\/wp-json\/wp\/v2\/product_tag?post=270590"}],"curies":[{"name":"wp","href":"https:\/\/api.w.org\/{rel}","templated":true}]}}