{"id":270711,"date":"2024-11-07T18:02:34","date_gmt":"2024-11-07T17:02:34","guid":{"rendered":"https:\/\/www.elvesport.com\/?post_type=product&#038;p=270711"},"modified":"2025-01-10T11:52:26","modified_gmt":"2025-01-10T10:52:26","slug":"latkovy-sal-nitra-blue-wings","status":"publish","type":"product","link":"https:\/\/www.elvesport.com\/en\/latkovy-sal-nitra-blue-wings\/","title":{"rendered":"L\u00c1TKOV\u00dd \u0160\u00c1L NITRA BLUE WINGS"},"content":{"rendered":"","protected":false},"excerpt":{"rendered":"","protected":false},"featured_media":270895,"comment_status":"closed","ping_status":"closed","template":"","meta":{"_acf_changed":false},"product_brand":[],"product_cat":[3068],"product_tag":[],"class_list":{"0":"post-270711","1":"product","2":"type-product","3":"status-publish","4":"has-post-thumbnail","6":"product_cat-nitra-bluewings","8":"first","9":"instock","10":"taxable","11":"shipping-taxable","12":"purchasable","13":"product-type-simple"},"acf":[],"_links":{"self":[{"href":"https:\/\/www.elvesport.com\/en\/wp-json\/wp\/v2\/product\/270711","targetHints":{"allow":["GET"]}}],"collection":[{"href":"https:\/\/www.elvesport.com\/en\/wp-json\/wp\/v2\/product"}],"about":[{"href":"https:\/\/www.elvesport.com\/en\/wp-json\/wp\/v2\/types\/product"}],"replies":[{"embeddable":true,"href":"https:\/\/www.elvesport.com\/en\/wp-json\/wp\/v2\/comments?post=270711"}],"version-history":[{"count":1,"href":"https:\/\/www.elvesport.com\/en\/wp-json\/wp\/v2\/product\/270711\/revisions"}],"predecessor-version":[{"id":270713,"href":"https:\/\/www.elvesport.com\/en\/wp-json\/wp\/v2\/product\/270711\/revisions\/270713"}],"wp:featuredmedia":[{"embeddable":true,"href":"https:\/\/www.elvesport.com\/en\/wp-json\/wp\/v2\/media\/270895"}],"wp:attachment":[{"href":"https:\/\/www.elvesport.com\/en\/wp-json\/wp\/v2\/media?parent=270711"}],"wp:term":[{"taxonomy":"product_brand","embeddable":true,"href":"https:\/\/www.elvesport.com\/en\/wp-json\/wp\/v2\/product_brand?post=270711"},{"taxonomy":"product_cat","embeddable":true,"href":"https:\/\/www.elvesport.com\/en\/wp-json\/wp\/v2\/product_cat?post=270711"},{"taxonomy":"product_tag","embeddable":true,"href":"https:\/\/www.elvesport.com\/en\/wp-json\/wp\/v2\/product_tag?post=270711"}],"curies":[{"name":"wp","href":"https:\/\/api.w.org\/{rel}","templated":true}]}}