{"id":270794,"date":"2025-10-16T16:15:54","date_gmt":"2025-10-16T14:15:54","guid":{"rendered":"https:\/\/www.elvesport.com\/?post_type=product&#038;p=270794"},"modified":"2025-11-20T11:05:57","modified_gmt":"2025-11-20T10:05:57","slug":"zapasovy-fanusikovsky-dres-nitra-blue-wings-hostia","status":"publish","type":"product","link":"https:\/\/www.elvesport.com\/en\/zapasovy-fanusikovsky-dres-nitra-blue-wings-hostia\/","title":{"rendered":"Z\u00c1PASOV\u00dd \/ FAN\u00da\u0160IKOVSK\u00dd DRES NITRA BLUE WINGS HOSTIA 25\/26"},"content":{"rendered":"<h2><strong>Hos\u0165ovsk\u00fd dres Blue Wings, vo farb\u00e1ch ktor\u00e9 s\u00fa pre Nitru typick\u00e9.<\/strong><\/h2>\n<h4>DVE VARIANTY VYHOTOVENIA DRESOV:<\/h4>\n<h3>1. Origin\u00e1lny z\u00e1pasov\u00fd dres<\/h3>\n<p>Tento dres je vernou k\u00f3piou t\u00fdch, ktor\u00e9 nosia hr\u00e1\u010di na palubovke. Na bokoch dresu priedu\u0161n\u00e9 \u010dasti, strih prisp\u00f4soben\u00fd t\u00fdm najvy\u0161\u0161\u00edm po\u017eiadavk\u00e1m. Vyroben\u00fd z kvalitn\u00fdch, priedu\u0161n\u00fdch materi\u00e1lov, ktor\u00e9 zaru\u010duj\u00fa maxim\u00e1lnu pohyblivos\u0165 a komfort po\u010das hry. Origin\u00e1lny dres si m\u00f4\u017eete personalizova\u0165 menom a \u010d\u00edslom. Perfektn\u00fd pre tr\u00e9ningy aj z\u00e1pasy!<\/p>\n<h3>2. Fan\u00fa\u0161ikovsk\u00fd dres<\/h3>\n<p>Replika z\u00e1pasov\u00e9ho dresu, so v\u0161etk\u00fdmi sponzormi a mo\u017enos\u0165ou personaliz\u00e1cie. Jeho modern\u00fd dizajn a pohodln\u00fd materi\u00e1l zabezpe\u010duj\u00fa, \u017ee sa v \u0148om budete c\u00edti\u0165 skvele, \u010di u\u017e na z\u00e1pase, alebo vo vo\u013enom \u010dase.<\/p>\n","protected":false},"excerpt":{"rendered":"<p>Hos\u0165ovsk\u00fd dres Blue Wings, vo farb\u00e1ch ktor\u00e9 s\u00fa pre Nitru typick\u00e9. DVE VARIANTY VYHOTOVENIA DRESOV: 1. Origin\u00e1lny z\u00e1pasov\u00fd dres Tento<\/p>\n","protected":false},"featured_media":301291,"comment_status":"closed","ping_status":"closed","template":"","meta":{"_acf_changed":false},"product_brand":[],"product_cat":[3068],"product_tag":[],"class_list":{"0":"post-270794","1":"product","2":"type-product","3":"status-publish","4":"has-post-thumbnail","6":"product_cat-nitra-bluewings","7":"pa_material-100-poliester","8":"pa_size-1-2-roky","9":"pa_size-2-4-roky","10":"pa_size-3yxs","11":"pa_size-2yxs","12":"pa_size-yxs","13":"pa_size-xxs","14":"pa_size-xs","15":"pa_size-s","16":"pa_size-m","17":"pa_size-l","18":"pa_size-xl","19":"pa_size-3xl","20":"pa_size-4xl","22":"first","23":"instock","24":"taxable","25":"shipping-taxable","26":"purchasable","27":"product-type-variable"},"acf":[],"_links":{"self":[{"href":"https:\/\/www.elvesport.com\/en\/wp-json\/wp\/v2\/product\/270794","targetHints":{"allow":["GET"]}}],"collection":[{"href":"https:\/\/www.elvesport.com\/en\/wp-json\/wp\/v2\/product"}],"about":[{"href":"https:\/\/www.elvesport.com\/en\/wp-json\/wp\/v2\/types\/product"}],"replies":[{"embeddable":true,"href":"https:\/\/www.elvesport.com\/en\/wp-json\/wp\/v2\/comments?post=270794"}],"version-history":[{"count":7,"href":"https:\/\/www.elvesport.com\/en\/wp-json\/wp\/v2\/product\/270794\/revisions"}],"predecessor-version":[{"id":301758,"href":"https:\/\/www.elvesport.com\/en\/wp-json\/wp\/v2\/product\/270794\/revisions\/301758"}],"wp:featuredmedia":[{"embeddable":true,"href":"https:\/\/www.elvesport.com\/en\/wp-json\/wp\/v2\/media\/301291"}],"wp:attachment":[{"href":"https:\/\/www.elvesport.com\/en\/wp-json\/wp\/v2\/media?parent=270794"}],"wp:term":[{"taxonomy":"product_brand","embeddable":true,"href":"https:\/\/www.elvesport.com\/en\/wp-json\/wp\/v2\/product_brand?post=270794"},{"taxonomy":"product_cat","embeddable":true,"href":"https:\/\/www.elvesport.com\/en\/wp-json\/wp\/v2\/product_cat?post=270794"},{"taxonomy":"product_tag","embeddable":true,"href":"https:\/\/www.elvesport.com\/en\/wp-json\/wp\/v2\/product_tag?post=270794"}],"curies":[{"name":"wp","href":"https:\/\/api.w.org\/{rel}","templated":true}]}}