{"id":271063,"date":"2024-11-22T15:01:50","date_gmt":"2024-11-22T14:01:50","guid":{"rendered":"https:\/\/www.elvesport.com\/?post_type=product&#038;p=271063"},"modified":"2025-04-29T12:32:25","modified_gmt":"2025-04-29T10:32:25","slug":"damsky-dres-piestanske-cajky-24-25-hostia","status":"publish","type":"product","link":"https:\/\/www.elvesport.com\/en\/damsky-dres-piestanske-cajky-24-25-hostia\/","title":{"rendered":"D\u00c1MSKY DRES PIE\u0160TANSK\u00c9 \u010cAJKY 24\/25 HOSTIA"},"content":{"rendered":"","protected":false},"excerpt":{"rendered":"","protected":false},"featured_media":270617,"comment_status":"closed","ping_status":"closed","template":"","meta":{"_acf_changed":false},"product_brand":[],"product_cat":[],"product_tag":[],"class_list":{"0":"post-271063","1":"product","2":"type-product","3":"status-publish","4":"has-post-thumbnail","6":"pa_size-s","7":"pa_size-m","8":"pa_size-l","9":"pa_size-xl","10":"pa_size-2xl","11":"pa_znacka-elve","13":"first","14":"instock","15":"sale","16":"taxable","17":"shipping-taxable","18":"purchasable","19":"product-type-variable"},"acf":[],"_links":{"self":[{"href":"https:\/\/www.elvesport.com\/en\/wp-json\/wp\/v2\/product\/271063","targetHints":{"allow":["GET"]}}],"collection":[{"href":"https:\/\/www.elvesport.com\/en\/wp-json\/wp\/v2\/product"}],"about":[{"href":"https:\/\/www.elvesport.com\/en\/wp-json\/wp\/v2\/types\/product"}],"replies":[{"embeddable":true,"href":"https:\/\/www.elvesport.com\/en\/wp-json\/wp\/v2\/comments?post=271063"}],"version-history":[{"count":3,"href":"https:\/\/www.elvesport.com\/en\/wp-json\/wp\/v2\/product\/271063\/revisions"}],"predecessor-version":[{"id":271091,"href":"https:\/\/www.elvesport.com\/en\/wp-json\/wp\/v2\/product\/271063\/revisions\/271091"}],"wp:featuredmedia":[{"embeddable":true,"href":"https:\/\/www.elvesport.com\/en\/wp-json\/wp\/v2\/media\/270617"}],"wp:attachment":[{"href":"https:\/\/www.elvesport.com\/en\/wp-json\/wp\/v2\/media?parent=271063"}],"wp:term":[{"taxonomy":"product_brand","embeddable":true,"href":"https:\/\/www.elvesport.com\/en\/wp-json\/wp\/v2\/product_brand?post=271063"},{"taxonomy":"product_cat","embeddable":true,"href":"https:\/\/www.elvesport.com\/en\/wp-json\/wp\/v2\/product_cat?post=271063"},{"taxonomy":"product_tag","embeddable":true,"href":"https:\/\/www.elvesport.com\/en\/wp-json\/wp\/v2\/product_tag?post=271063"}],"curies":[{"name":"wp","href":"https:\/\/api.w.org\/{rel}","templated":true}]}}