{"id":271070,"date":"2024-11-22T15:07:47","date_gmt":"2024-11-22T14:07:47","guid":{"rendered":"https:\/\/www.elvesport.com\/?post_type=product&#038;p=271070"},"modified":"2025-04-29T12:38:03","modified_gmt":"2025-04-29T10:38:03","slug":"dres-piestanske-cajky-24-25-domaci-coskoro-v-predaji","status":"publish","type":"product","link":"https:\/\/www.elvesport.com\/en\/dres-piestanske-cajky-24-25-domaci-coskoro-v-predaji\/","title":{"rendered":"DRES PIE\u0160TANSK\u00c9 \u010cAJKY 24\/25 DOM\u00c1CI"},"content":{"rendered":"","protected":false},"excerpt":{"rendered":"","protected":false},"featured_media":271060,"comment_status":"closed","ping_status":"closed","template":"","meta":{"_acf_changed":false},"product_brand":[],"product_cat":[],"product_tag":[],"class_list":{"0":"post-271070","1":"product","2":"type-product","3":"status-publish","4":"has-post-thumbnail","6":"pa_size-1-2-roky","7":"pa_size-2-4-roky","8":"pa_size-3yxs","9":"pa_size-2yxs","10":"pa_size-yxs","11":"pa_size-xxs","12":"pa_size-xs","13":"pa_size-s","14":"pa_size-m","15":"pa_size-l","16":"pa_size-xl","17":"pa_size-2xl","18":"pa_size-3xl","19":"pa_size-4xl","20":"pa_znacka-elve","22":"first","23":"instock","24":"sale","25":"taxable","26":"shipping-taxable","27":"purchasable","28":"product-type-variable"},"acf":[],"_links":{"self":[{"href":"https:\/\/www.elvesport.com\/en\/wp-json\/wp\/v2\/product\/271070","targetHints":{"allow":["GET"]}}],"collection":[{"href":"https:\/\/www.elvesport.com\/en\/wp-json\/wp\/v2\/product"}],"about":[{"href":"https:\/\/www.elvesport.com\/en\/wp-json\/wp\/v2\/types\/product"}],"replies":[{"embeddable":true,"href":"https:\/\/www.elvesport.com\/en\/wp-json\/wp\/v2\/comments?post=271070"}],"version-history":[{"count":2,"href":"https:\/\/www.elvesport.com\/en\/wp-json\/wp\/v2\/product\/271070\/revisions"}],"predecessor-version":[{"id":271167,"href":"https:\/\/www.elvesport.com\/en\/wp-json\/wp\/v2\/product\/271070\/revisions\/271167"}],"wp:featuredmedia":[{"embeddable":true,"href":"https:\/\/www.elvesport.com\/en\/wp-json\/wp\/v2\/media\/271060"}],"wp:attachment":[{"href":"https:\/\/www.elvesport.com\/en\/wp-json\/wp\/v2\/media?parent=271070"}],"wp:term":[{"taxonomy":"product_brand","embeddable":true,"href":"https:\/\/www.elvesport.com\/en\/wp-json\/wp\/v2\/product_brand?post=271070"},{"taxonomy":"product_cat","embeddable":true,"href":"https:\/\/www.elvesport.com\/en\/wp-json\/wp\/v2\/product_cat?post=271070"},{"taxonomy":"product_tag","embeddable":true,"href":"https:\/\/www.elvesport.com\/en\/wp-json\/wp\/v2\/product_tag?post=271070"}],"curies":[{"name":"wp","href":"https:\/\/api.w.org\/{rel}","templated":true}]}}