{"id":271900,"date":"2023-02-14T13:52:05","date_gmt":"2023-02-14T12:52:05","guid":{"rendered":"https:\/\/www.elvesport.com\/?post_type=product&#038;p=271900"},"modified":"2025-01-14T16:04:02","modified_gmt":"2025-01-14T15:04:02","slug":"vychadzkova-suprava-sk-vrakuna","status":"publish","type":"product","link":"https:\/\/www.elvesport.com\/en\/vychadzkova-suprava-sk-vrakuna\/","title":{"rendered":"VYCH\u00c1DZKOV\u00c1 S\u00daPRAVA \u0160K VRAKU\u0147A"},"content":{"rendered":"","protected":false},"excerpt":{"rendered":"<p>Vych\u00e1dzkov\u00e1 s\u00faprava \u0160K VRAKU\u0147A s logom klubu a inici\u00e1lmi hr\u00e1\u010da.<\/p>\n","protected":false},"featured_media":271883,"comment_status":"closed","ping_status":"closed","template":"","meta":{"_acf_changed":false},"product_brand":[],"product_cat":[2871],"product_tag":[],"class_list":{"0":"post-271900","1":"product","2":"type-product","3":"status-publish","4":"has-post-thumbnail","6":"product_cat-sk-vrakuna","7":"pa_color-tmavomodra_zlta","8":"pa_size-6xs","9":"pa_size-5xs","10":"pa_size-4xs","11":"pa_size-3xs","12":"pa_size-2xs","13":"pa_size-xs","14":"pa_size-s","15":"pa_size-m","16":"pa_size-l","17":"pa_size-xl","18":"pa_size-xxl","19":"pa_size-3xl","21":"first","22":"instock","23":"taxable","24":"shipping-taxable","25":"purchasable","26":"product-type-variable"},"acf":[],"_links":{"self":[{"href":"https:\/\/www.elvesport.com\/en\/wp-json\/wp\/v2\/product\/271900","targetHints":{"allow":["GET"]}}],"collection":[{"href":"https:\/\/www.elvesport.com\/en\/wp-json\/wp\/v2\/product"}],"about":[{"href":"https:\/\/www.elvesport.com\/en\/wp-json\/wp\/v2\/types\/product"}],"replies":[{"embeddable":true,"href":"https:\/\/www.elvesport.com\/en\/wp-json\/wp\/v2\/comments?post=271900"}],"version-history":[{"count":2,"href":"https:\/\/www.elvesport.com\/en\/wp-json\/wp\/v2\/product\/271900\/revisions"}],"predecessor-version":[{"id":304218,"href":"https:\/\/www.elvesport.com\/en\/wp-json\/wp\/v2\/product\/271900\/revisions\/304218"}],"wp:featuredmedia":[{"embeddable":true,"href":"https:\/\/www.elvesport.com\/en\/wp-json\/wp\/v2\/media\/271883"}],"wp:attachment":[{"href":"https:\/\/www.elvesport.com\/en\/wp-json\/wp\/v2\/media?parent=271900"}],"wp:term":[{"taxonomy":"product_brand","embeddable":true,"href":"https:\/\/www.elvesport.com\/en\/wp-json\/wp\/v2\/product_brand?post=271900"},{"taxonomy":"product_cat","embeddable":true,"href":"https:\/\/www.elvesport.com\/en\/wp-json\/wp\/v2\/product_cat?post=271900"},{"taxonomy":"product_tag","embeddable":true,"href":"https:\/\/www.elvesport.com\/en\/wp-json\/wp\/v2\/product_tag?post=271900"}],"curies":[{"name":"wp","href":"https:\/\/api.w.org\/{rel}","templated":true}]}}