{"id":272568,"date":"2025-02-10T10:09:11","date_gmt":"2025-02-10T09:09:11","guid":{"rendered":"https:\/\/www.elvesport.com\/?post_type=product&#038;p=272568"},"modified":"2025-02-10T11:33:16","modified_gmt":"2025-02-10T10:33:16","slug":"oversize-tricko-vk-slavia-spu-nitra","status":"publish","type":"product","link":"https:\/\/www.elvesport.com\/en\/oversize-tricko-vk-slavia-spu-nitra\/","title":{"rendered":"OVERSIZE TRI\u010cKO VK SL\u00c1VIA SPU NITRA"},"content":{"rendered":"","protected":false},"excerpt":{"rendered":"<p><strong>POZOR, na v\u00fdber spr\u00e1vnej ve\u013ekosti. Tri\u010dk\u00e1 s\u00fa strihu OVERSIZE, to znamen\u00e1 v\u00e4\u010d\u0161ie ako v klasick\u00fdch strihoch. Odpor\u00fa\u010dame si pozrie\u0165 sprievodcu ve\u013ekos\u0165ami.<\/strong><\/p>\n","protected":false},"featured_media":272517,"comment_status":"closed","ping_status":"closed","template":"","meta":{"_acf_changed":false},"product_brand":[],"product_cat":[3054],"product_tag":[],"class_list":{"0":"post-272568","1":"product","2":"type-product","3":"status-publish","4":"has-post-thumbnail","6":"product_cat-vk-slavia-spu-nitra","7":"pa_color-biela","8":"pa_size-xs","9":"pa_size-s","10":"pa_size-m","11":"pa_size-l","12":"pa_size-xl","13":"pa_size-2xl","14":"pa_size-3xl","16":"first","17":"instock","18":"taxable","19":"shipping-taxable","20":"purchasable","21":"product-type-variable"},"acf":[],"_links":{"self":[{"href":"https:\/\/www.elvesport.com\/en\/wp-json\/wp\/v2\/product\/272568","targetHints":{"allow":["GET"]}}],"collection":[{"href":"https:\/\/www.elvesport.com\/en\/wp-json\/wp\/v2\/product"}],"about":[{"href":"https:\/\/www.elvesport.com\/en\/wp-json\/wp\/v2\/types\/product"}],"replies":[{"embeddable":true,"href":"https:\/\/www.elvesport.com\/en\/wp-json\/wp\/v2\/comments?post=272568"}],"version-history":[{"count":2,"href":"https:\/\/www.elvesport.com\/en\/wp-json\/wp\/v2\/product\/272568\/revisions"}],"predecessor-version":[{"id":272700,"href":"https:\/\/www.elvesport.com\/en\/wp-json\/wp\/v2\/product\/272568\/revisions\/272700"}],"wp:featuredmedia":[{"embeddable":true,"href":"https:\/\/www.elvesport.com\/en\/wp-json\/wp\/v2\/media\/272517"}],"wp:attachment":[{"href":"https:\/\/www.elvesport.com\/en\/wp-json\/wp\/v2\/media?parent=272568"}],"wp:term":[{"taxonomy":"product_brand","embeddable":true,"href":"https:\/\/www.elvesport.com\/en\/wp-json\/wp\/v2\/product_brand?post=272568"},{"taxonomy":"product_cat","embeddable":true,"href":"https:\/\/www.elvesport.com\/en\/wp-json\/wp\/v2\/product_cat?post=272568"},{"taxonomy":"product_tag","embeddable":true,"href":"https:\/\/www.elvesport.com\/en\/wp-json\/wp\/v2\/product_tag?post=272568"}],"curies":[{"name":"wp","href":"https:\/\/api.w.org\/{rel}","templated":true}]}}