{"id":272579,"date":"2025-02-10T10:08:57","date_gmt":"2025-02-10T09:08:57","guid":{"rendered":"https:\/\/www.elvesport.com\/?post_type=product&#038;p=272579"},"modified":"2025-02-10T10:08:58","modified_gmt":"2025-02-10T09:08:58","slug":"zimna-ciapka-vk-slavia-spu-nitra","status":"publish","type":"product","link":"https:\/\/www.elvesport.com\/en\/zimna-ciapka-vk-slavia-spu-nitra\/","title":{"rendered":"ZIMN\u00c1 \u010cIAPKA VK SL\u00c1VIA SPU NITRA"},"content":{"rendered":"","protected":false},"excerpt":{"rendered":"","protected":false},"featured_media":272515,"comment_status":"closed","ping_status":"closed","template":"","meta":{"_acf_changed":false},"product_brand":[],"product_cat":[3054],"product_tag":[],"class_list":{"0":"post-272579","1":"product","2":"type-product","3":"status-publish","4":"has-post-thumbnail","6":"product_cat-vk-slavia-spu-nitra","7":"pa_color-tmavomodra","9":"first","10":"instock","11":"taxable","12":"shipping-taxable","13":"purchasable","14":"product-type-simple"},"acf":[],"_links":{"self":[{"href":"https:\/\/www.elvesport.com\/en\/wp-json\/wp\/v2\/product\/272579","targetHints":{"allow":["GET"]}}],"collection":[{"href":"https:\/\/www.elvesport.com\/en\/wp-json\/wp\/v2\/product"}],"about":[{"href":"https:\/\/www.elvesport.com\/en\/wp-json\/wp\/v2\/types\/product"}],"replies":[{"embeddable":true,"href":"https:\/\/www.elvesport.com\/en\/wp-json\/wp\/v2\/comments?post=272579"}],"version-history":[{"count":1,"href":"https:\/\/www.elvesport.com\/en\/wp-json\/wp\/v2\/product\/272579\/revisions"}],"predecessor-version":[{"id":272580,"href":"https:\/\/www.elvesport.com\/en\/wp-json\/wp\/v2\/product\/272579\/revisions\/272580"}],"wp:featuredmedia":[{"embeddable":true,"href":"https:\/\/www.elvesport.com\/en\/wp-json\/wp\/v2\/media\/272515"}],"wp:attachment":[{"href":"https:\/\/www.elvesport.com\/en\/wp-json\/wp\/v2\/media?parent=272579"}],"wp:term":[{"taxonomy":"product_brand","embeddable":true,"href":"https:\/\/www.elvesport.com\/en\/wp-json\/wp\/v2\/product_brand?post=272579"},{"taxonomy":"product_cat","embeddable":true,"href":"https:\/\/www.elvesport.com\/en\/wp-json\/wp\/v2\/product_cat?post=272579"},{"taxonomy":"product_tag","embeddable":true,"href":"https:\/\/www.elvesport.com\/en\/wp-json\/wp\/v2\/product_tag?post=272579"}],"curies":[{"name":"wp","href":"https:\/\/api.w.org\/{rel}","templated":true}]}}