{"id":272995,"date":"2025-02-25T13:50:09","date_gmt":"2025-02-25T12:50:09","guid":{"rendered":"https:\/\/www.elvesport.com\/?post_type=product&#038;p=272995"},"modified":"2025-02-25T14:00:28","modified_gmt":"2025-02-25T13:00:28","slug":"batoh-lynos-sk-bernolakovo","status":"publish","type":"product","link":"https:\/\/www.elvesport.com\/en\/batoh-lynos-sk-bernolakovo\/","title":{"rendered":"BATOH LYNOS \u0160K BERNOL\u00c1KOVO"},"content":{"rendered":"","protected":false},"excerpt":{"rendered":"<p>Batoh LYNOS s logom klubu \u0160K BERNOL\u00c1KOVO<\/p>\n","protected":false},"featured_media":272991,"comment_status":"closed","ping_status":"closed","template":"","meta":{"_acf_changed":false},"product_brand":[],"product_cat":[3144],"product_tag":[],"class_list":{"0":"post-272995","1":"product","2":"type-product","3":"status-publish","4":"has-post-thumbnail","6":"product_cat-sk-bernolakovo","7":"pa_color-tmavomodra_zlta","9":"first","10":"instock","11":"taxable","12":"shipping-taxable","13":"purchasable","14":"product-type-simple"},"acf":[],"_links":{"self":[{"href":"https:\/\/www.elvesport.com\/en\/wp-json\/wp\/v2\/product\/272995","targetHints":{"allow":["GET"]}}],"collection":[{"href":"https:\/\/www.elvesport.com\/en\/wp-json\/wp\/v2\/product"}],"about":[{"href":"https:\/\/www.elvesport.com\/en\/wp-json\/wp\/v2\/types\/product"}],"replies":[{"embeddable":true,"href":"https:\/\/www.elvesport.com\/en\/wp-json\/wp\/v2\/comments?post=272995"}],"version-history":[{"count":1,"href":"https:\/\/www.elvesport.com\/en\/wp-json\/wp\/v2\/product\/272995\/revisions"}],"predecessor-version":[{"id":272996,"href":"https:\/\/www.elvesport.com\/en\/wp-json\/wp\/v2\/product\/272995\/revisions\/272996"}],"wp:featuredmedia":[{"embeddable":true,"href":"https:\/\/www.elvesport.com\/en\/wp-json\/wp\/v2\/media\/272991"}],"wp:attachment":[{"href":"https:\/\/www.elvesport.com\/en\/wp-json\/wp\/v2\/media?parent=272995"}],"wp:term":[{"taxonomy":"product_brand","embeddable":true,"href":"https:\/\/www.elvesport.com\/en\/wp-json\/wp\/v2\/product_brand?post=272995"},{"taxonomy":"product_cat","embeddable":true,"href":"https:\/\/www.elvesport.com\/en\/wp-json\/wp\/v2\/product_cat?post=272995"},{"taxonomy":"product_tag","embeddable":true,"href":"https:\/\/www.elvesport.com\/en\/wp-json\/wp\/v2\/product_tag?post=272995"}],"curies":[{"name":"wp","href":"https:\/\/api.w.org\/{rel}","templated":true}]}}