{"id":273062,"date":"2025-02-26T15:31:00","date_gmt":"2025-02-26T14:31:00","guid":{"rendered":"https:\/\/www.elvesport.com\/?post_type=product&#038;p=273062"},"modified":"2025-02-26T15:33:03","modified_gmt":"2025-02-26T14:33:03","slug":"treningova-sustakova-bunda-pressing-sk-bernolakovo","status":"publish","type":"product","link":"https:\/\/www.elvesport.com\/en\/treningova-sustakova-bunda-pressing-sk-bernolakovo\/","title":{"rendered":"TR\u00c9NINGOV\u00c1 \u0160U\u0160T\u00c1KOV\u00c1 BUNDA PRESSING \u0160K BERNOL\u00c1KOVO"},"content":{"rendered":"","protected":false},"excerpt":{"rendered":"<div class=\"woocommerce-product-details__short-description\">\n<p>Tr\u00e9ningov\u00e1 \u0161u\u0161\u0165\u00e1kov\u00e1 bunda pre klub \u0160K Bernol\u00e1kovo s ob\u0161it\u00fdm 3D logom<\/p>\n<\/div>\n","protected":false},"featured_media":272984,"comment_status":"closed","ping_status":"closed","template":"","meta":{"_acf_changed":false},"product_brand":[],"product_cat":[3144],"product_tag":[],"class_list":{"0":"post-273062","1":"product","2":"type-product","3":"status-publish","4":"has-post-thumbnail","6":"product_cat-sk-bernolakovo","7":"pa_size-2yxs","8":"pa_size-yxs","9":"pa_size-xxs","10":"pa_size-xs","11":"pa_size-s","12":"pa_size-m","13":"pa_size-l","14":"pa_size-xl","15":"pa_size-xxl","16":"pa_size-3xl","18":"first","19":"instock","20":"taxable","21":"shipping-taxable","22":"purchasable","23":"product-type-variable"},"acf":[],"_links":{"self":[{"href":"https:\/\/www.elvesport.com\/en\/wp-json\/wp\/v2\/product\/273062","targetHints":{"allow":["GET"]}}],"collection":[{"href":"https:\/\/www.elvesport.com\/en\/wp-json\/wp\/v2\/product"}],"about":[{"href":"https:\/\/www.elvesport.com\/en\/wp-json\/wp\/v2\/types\/product"}],"replies":[{"embeddable":true,"href":"https:\/\/www.elvesport.com\/en\/wp-json\/wp\/v2\/comments?post=273062"}],"version-history":[{"count":1,"href":"https:\/\/www.elvesport.com\/en\/wp-json\/wp\/v2\/product\/273062\/revisions"}],"predecessor-version":[{"id":273073,"href":"https:\/\/www.elvesport.com\/en\/wp-json\/wp\/v2\/product\/273062\/revisions\/273073"}],"wp:featuredmedia":[{"embeddable":true,"href":"https:\/\/www.elvesport.com\/en\/wp-json\/wp\/v2\/media\/272984"}],"wp:attachment":[{"href":"https:\/\/www.elvesport.com\/en\/wp-json\/wp\/v2\/media?parent=273062"}],"wp:term":[{"taxonomy":"product_brand","embeddable":true,"href":"https:\/\/www.elvesport.com\/en\/wp-json\/wp\/v2\/product_brand?post=273062"},{"taxonomy":"product_cat","embeddable":true,"href":"https:\/\/www.elvesport.com\/en\/wp-json\/wp\/v2\/product_cat?post=273062"},{"taxonomy":"product_tag","embeddable":true,"href":"https:\/\/www.elvesport.com\/en\/wp-json\/wp\/v2\/product_tag?post=273062"}],"curies":[{"name":"wp","href":"https:\/\/api.w.org\/{rel}","templated":true}]}}