{"id":273129,"date":"2025-02-27T11:14:24","date_gmt":"2025-02-27T10:14:24","guid":{"rendered":"https:\/\/www.elvesport.com\/?post_type=product&#038;p=273129"},"modified":"2025-02-27T11:14:25","modified_gmt":"2025-02-27T10:14:25","slug":"treningova-suprava-sk-bernolakovo","status":"publish","type":"product","link":"https:\/\/www.elvesport.com\/en\/treningova-suprava-sk-bernolakovo\/","title":{"rendered":"TR\u00c9NINGOV\u00c1 S\u00daPRAVA \u0160K BERNOL\u00c1KOVO"},"content":{"rendered":"","protected":false},"excerpt":{"rendered":"<p>Tr\u00e9ningov\u00e1 s\u00faprava pre klub \u0160K Bernol\u00e1kovo s 2D logom a n\u00e1pisom na zadnej strane<\/p>\n<p>&#8211; Tr\u00e9ningov\u00e1 mikina MADISON<br \/>\n&#8211; Tr\u00e9ningov\u00e9 tepl\u00e1ky NEVIS 3.0<\/p>\n","protected":false},"featured_media":273021,"comment_status":"closed","ping_status":"closed","template":"","meta":{"_acf_changed":false},"product_brand":[],"product_cat":[3144],"product_tag":[],"class_list":{"0":"post-273129","1":"product","2":"type-product","3":"status-publish","4":"has-post-thumbnail","6":"product_cat-sk-bernolakovo","8":"first","9":"instock","10":"sale","11":"taxable","12":"shipping-taxable","13":"purchasable","14":"product-type-woosb"},"acf":[],"_links":{"self":[{"href":"https:\/\/www.elvesport.com\/en\/wp-json\/wp\/v2\/product\/273129","targetHints":{"allow":["GET"]}}],"collection":[{"href":"https:\/\/www.elvesport.com\/en\/wp-json\/wp\/v2\/product"}],"about":[{"href":"https:\/\/www.elvesport.com\/en\/wp-json\/wp\/v2\/types\/product"}],"replies":[{"embeddable":true,"href":"https:\/\/www.elvesport.com\/en\/wp-json\/wp\/v2\/comments?post=273129"}],"version-history":[{"count":1,"href":"https:\/\/www.elvesport.com\/en\/wp-json\/wp\/v2\/product\/273129\/revisions"}],"predecessor-version":[{"id":273130,"href":"https:\/\/www.elvesport.com\/en\/wp-json\/wp\/v2\/product\/273129\/revisions\/273130"}],"wp:featuredmedia":[{"embeddable":true,"href":"https:\/\/www.elvesport.com\/en\/wp-json\/wp\/v2\/media\/273021"}],"wp:attachment":[{"href":"https:\/\/www.elvesport.com\/en\/wp-json\/wp\/v2\/media?parent=273129"}],"wp:term":[{"taxonomy":"product_brand","embeddable":true,"href":"https:\/\/www.elvesport.com\/en\/wp-json\/wp\/v2\/product_brand?post=273129"},{"taxonomy":"product_cat","embeddable":true,"href":"https:\/\/www.elvesport.com\/en\/wp-json\/wp\/v2\/product_cat?post=273129"},{"taxonomy":"product_tag","embeddable":true,"href":"https:\/\/www.elvesport.com\/en\/wp-json\/wp\/v2\/product_tag?post=273129"}],"curies":[{"name":"wp","href":"https:\/\/api.w.org\/{rel}","templated":true}]}}