{"id":273442,"date":"2025-02-26T14:51:07","date_gmt":"2025-02-26T13:51:07","guid":{"rendered":"https:\/\/www.elvesport.com\/?post_type=product&#038;p=273442"},"modified":"2025-03-03T13:38:21","modified_gmt":"2025-03-03T12:38:21","slug":"vychadzkove-trenirky-victor-sk-bernolakovo","status":"publish","type":"product","link":"https:\/\/www.elvesport.com\/en\/vychadzkove-trenirky-victor-sk-bernolakovo\/","title":{"rendered":"VYCH\u00c1DZKOV\u00c9 TREN\u00cdRKY VICTOR \u0160K BERNOL\u00c1KOVO"},"content":{"rendered":"","protected":false},"excerpt":{"rendered":"<p>Vych\u00e1dzkov\u00e9 tren\u00edrky VICTOR pre klub \u0160K Bernol\u00e1kovo<\/p>\n","protected":false},"featured_media":260047,"comment_status":"closed","ping_status":"closed","template":"","meta":{"_acf_changed":false},"product_brand":[],"product_cat":[3144],"product_tag":[],"class_list":{"0":"post-273442","1":"product","2":"type-product","3":"status-publish","4":"has-post-thumbnail","6":"product_cat-sk-bernolakovo","7":"pa_size-yxs","8":"pa_size-xxs","9":"pa_size-xs","10":"pa_size-s","11":"pa_size-m","12":"pa_size-l","13":"pa_size-xl","14":"pa_size-xxl","16":"first","17":"instock","18":"taxable","19":"shipping-taxable","20":"purchasable","21":"product-type-variable"},"acf":[],"_links":{"self":[{"href":"https:\/\/www.elvesport.com\/en\/wp-json\/wp\/v2\/product\/273442","targetHints":{"allow":["GET"]}}],"collection":[{"href":"https:\/\/www.elvesport.com\/en\/wp-json\/wp\/v2\/product"}],"about":[{"href":"https:\/\/www.elvesport.com\/en\/wp-json\/wp\/v2\/types\/product"}],"replies":[{"embeddable":true,"href":"https:\/\/www.elvesport.com\/en\/wp-json\/wp\/v2\/comments?post=273442"}],"version-history":[{"count":1,"href":"https:\/\/www.elvesport.com\/en\/wp-json\/wp\/v2\/product\/273442\/revisions"}],"predecessor-version":[{"id":273451,"href":"https:\/\/www.elvesport.com\/en\/wp-json\/wp\/v2\/product\/273442\/revisions\/273451"}],"wp:featuredmedia":[{"embeddable":true,"href":"https:\/\/www.elvesport.com\/en\/wp-json\/wp\/v2\/media\/260047"}],"wp:attachment":[{"href":"https:\/\/www.elvesport.com\/en\/wp-json\/wp\/v2\/media?parent=273442"}],"wp:term":[{"taxonomy":"product_brand","embeddable":true,"href":"https:\/\/www.elvesport.com\/en\/wp-json\/wp\/v2\/product_brand?post=273442"},{"taxonomy":"product_cat","embeddable":true,"href":"https:\/\/www.elvesport.com\/en\/wp-json\/wp\/v2\/product_cat?post=273442"},{"taxonomy":"product_tag","embeddable":true,"href":"https:\/\/www.elvesport.com\/en\/wp-json\/wp\/v2\/product_tag?post=273442"}],"curies":[{"name":"wp","href":"https:\/\/api.w.org\/{rel}","templated":true}]}}