{"id":273594,"date":"2025-03-14T13:10:41","date_gmt":"2025-03-14T12:10:41","guid":{"rendered":"https:\/\/www.elvesport.com\/?post_type=product&#038;p=273594"},"modified":"2025-03-14T13:14:39","modified_gmt":"2025-03-14T12:14:39","slug":"77-shinguards-sk-nova-dedinka","status":"publish","type":"product","link":"https:\/\/www.elvesport.com\/en\/77-shinguards-sk-nova-dedinka\/","title":{"rendered":"77 SHINGUARDS \u0160K NOV\u00c1 DEDINKA"},"content":{"rendered":"","protected":false},"excerpt":{"rendered":"<p>Chr\u00e1ni\u010de s\u00fa k dispoz\u00edci\u00ed v dvoch ve\u013ekostiach<\/p>\n<p><strong>Rozmery : S \u2013 100x150mm<\/strong><\/p>\n<p><strong>\u00a0 \u00a0 \u00a0 \u00a0 \u00a0 \u00a0 \u00a0 \u00a0 \u00a0 \u00a0 \u00a0 M- 166x171mm<\/strong><\/p>\n","protected":false},"featured_media":273599,"comment_status":"closed","ping_status":"closed","template":"","meta":{"_acf_changed":false},"product_brand":[],"product_cat":[3158],"product_tag":[],"class_list":{"0":"post-273594","1":"product","2":"type-product","3":"status-publish","4":"has-post-thumbnail","6":"product_cat-sk-nova-dedinka","7":"pa_size-s","8":"pa_size-m","10":"first","11":"instock","12":"taxable","13":"shipping-taxable","14":"purchasable","15":"product-type-variable"},"acf":[],"_links":{"self":[{"href":"https:\/\/www.elvesport.com\/en\/wp-json\/wp\/v2\/product\/273594","targetHints":{"allow":["GET"]}}],"collection":[{"href":"https:\/\/www.elvesport.com\/en\/wp-json\/wp\/v2\/product"}],"about":[{"href":"https:\/\/www.elvesport.com\/en\/wp-json\/wp\/v2\/types\/product"}],"replies":[{"embeddable":true,"href":"https:\/\/www.elvesport.com\/en\/wp-json\/wp\/v2\/comments?post=273594"}],"version-history":[{"count":2,"href":"https:\/\/www.elvesport.com\/en\/wp-json\/wp\/v2\/product\/273594\/revisions"}],"predecessor-version":[{"id":273598,"href":"https:\/\/www.elvesport.com\/en\/wp-json\/wp\/v2\/product\/273594\/revisions\/273598"}],"wp:featuredmedia":[{"embeddable":true,"href":"https:\/\/www.elvesport.com\/en\/wp-json\/wp\/v2\/media\/273599"}],"wp:attachment":[{"href":"https:\/\/www.elvesport.com\/en\/wp-json\/wp\/v2\/media?parent=273594"}],"wp:term":[{"taxonomy":"product_brand","embeddable":true,"href":"https:\/\/www.elvesport.com\/en\/wp-json\/wp\/v2\/product_brand?post=273594"},{"taxonomy":"product_cat","embeddable":true,"href":"https:\/\/www.elvesport.com\/en\/wp-json\/wp\/v2\/product_cat?post=273594"},{"taxonomy":"product_tag","embeddable":true,"href":"https:\/\/www.elvesport.com\/en\/wp-json\/wp\/v2\/product_tag?post=273594"}],"curies":[{"name":"wp","href":"https:\/\/api.w.org\/{rel}","templated":true}]}}